{"id":23350,"date":"2022-05-13T17:14:20","date_gmt":"2022-05-13T21:14:20","guid":{"rendered":"https:\/\/cceditors.ca\/?page_id=23350"},"modified":"2022-05-13T22:10:59","modified_gmt":"2022-05-14T02:10:59","slug":"associate-member","status":"publish","type":"page","link":"https:\/\/cceditors.ca\/fr\/become-a-member\/join\/associate-member\/","title":{"rendered":"Membre associ\u00e9.e"},"content":{"rendered":"<div data-elementor-type=\"wp-page\" data-elementor-id=\"23350\" class=\"elementor elementor-23350\" data-elementor-post-type=\"page\">\n\t\t\t\t\t\t<section class=\"elementor-section elementor-top-section elementor-element elementor-element-157bdb9 elementor-section-boxed elementor-section-height-default elementor-section-height-default\" data-id=\"157bdb9\" data-element_type=\"section\" data-e-type=\"section\">\n\t\t\t\t\t\t<div class=\"elementor-container elementor-column-gap-default\">\n\t\t\t\t\t<div class=\"elementor-column elementor-col-100 elementor-top-column elementor-element elementor-element-a0e82a7\" data-id=\"a0e82a7\" data-element_type=\"column\" data-e-type=\"column\">\n\t\t\t<div class=\"elementor-widget-wrap elementor-element-populated\">\n\t\t\t\t\t\t<div class=\"elementor-element elementor-element-eb3b84b elementor-widget elementor-widget-heading\" data-id=\"eb3b84b\" data-element_type=\"widget\" data-e-type=\"widget\" data-widget_type=\"heading.default\">\n\t\t\t\t<div class=\"elementor-widget-container\">\n\t\t\t\t\t<h2 class=\"elementor-heading-title elementor-size-default\">Adh\u00e9sion en tant que membre associ\u00e9\u00b7e<\/h2>\t\t\t\t<\/div>\n\t\t\t\t<\/div>\n\t\t\t\t<div class=\"elementor-element elementor-element-6b437de elementor-widget elementor-widget-text-editor\" data-id=\"6b437de\" data-element_type=\"widget\" data-e-type=\"widget\" data-widget_type=\"text-editor.default\">\n\t\t\t\t<div class=\"elementor-widget-container\">\n\t\t\t\t\t\t\t\t\t<h5>Nouvelle adh\u00e9sion en tant que membre associ\u00e9\u00b7e<\/h5><p>Le statut de membre associ\u00e9.e pour les nouveaux\u00b7elles membres est offert aux monteur.euse.s, assistant.e.s-monteur.euse.s, superviseur.e.s de postproduction et autres professionnel.le.s de l\u2019industrie du film int\u00e9ress\u00e9.e.s \u00e0 devenir membre du CCE et qui n\u2019ont jamais \u00e9t\u00e9 membre associ\u00e9\u00b7e auparavant.<\/p><p>100 $\/ANN\u00c9E\u00a0<\/p><p>L\u2019adh\u00e9sion expire apr\u00e8s 1 ann\u00e9e.<\/p>\t\t\t\t\t\t\t\t<\/div>\n\t\t\t\t<\/div>\n\t\t\t\t<div class=\"elementor-element elementor-element-85ffa52 elementor-widget elementor-widget-button\" data-id=\"85ffa52\" data-element_type=\"widget\" data-e-type=\"widget\" data-widget_type=\"button.default\">\n\t\t\t\t<div class=\"elementor-widget-container\">\n\t\t\t\t\t\t\t\t\t<div class=\"elementor-button-wrapper\">\n\t\t\t\t\t<a class=\"elementor-button elementor-button-link elementor-size-sm\" href=\"https:\/\/cceditors.ca\/fr\/membership-account\/membership-checkout\/?level=9\">\n\t\t\t\t\t\t<span class=\"elementor-button-content-wrapper\">\n\t\t\t\t\t\t\t\t\t<span class=\"elementor-button-text\">Choisir ce statut<\/span>\n\t\t\t\t\t<\/span>\n\t\t\t\t\t<\/a>\n\t\t\t\t<\/div>\n\t\t\t\t\t\t\t\t<\/div>\n\t\t\t\t<\/div>\n\t\t\t\t<div class=\"elementor-element elementor-element-e11603f elementor-widget elementor-widget-text-editor\" data-id=\"e11603f\" data-element_type=\"widget\" data-e-type=\"widget\" data-widget_type=\"text-editor.default\">\n\t\t\t\t<div class=\"elementor-widget-container\">\n\t\t\t\t\t\t\t\t\t<h5>Adh\u00e9sion en tant que membre associ\u00e9\u00b7e<\/h5><p>Le statut de membre associ\u00e9.e est offert aux monteur.euse.s, assistant.e.s-monteur.euse.s, superviseur.e.s de postproduction et autres professionnel.le.s de l\u2019industrie du film int\u00e9ress\u00e9.e.s \u00e0 devenir membre du CCE.<\/p><p>150 $\/ANN\u00c9E\u00a0<\/p><p>L\u2019adh\u00e9sion expire apr\u00e8s 1 ann\u00e9e.<\/p>\t\t\t\t\t\t\t\t<\/div>\n\t\t\t\t<\/div>\n\t\t\t\t<div class=\"elementor-element elementor-element-16c7107 elementor-widget elementor-widget-button\" data-id=\"16c7107\" data-element_type=\"widget\" data-e-type=\"widget\" data-widget_type=\"button.default\">\n\t\t\t\t<div class=\"elementor-widget-container\">\n\t\t\t\t\t\t\t\t\t<div class=\"elementor-button-wrapper\">\n\t\t\t\t\t<a class=\"elementor-button elementor-button-link elementor-size-sm\" href=\"https:\/\/cceditors.ca\/fr\/membership-account\/membership-checkout\/?level=1\">\n\t\t\t\t\t\t<span class=\"elementor-button-content-wrapper\">\n\t\t\t\t\t\t\t\t\t<span class=\"elementor-button-text\">Choisir ce statut<\/span>\n\t\t\t\t\t<\/span>\n\t\t\t\t\t<\/a>\n\t\t\t\t<\/div>\n\t\t\t\t\t\t\t\t<\/div>\n\t\t\t\t<\/div>\n\t\t\t\t<div class=\"elementor-element elementor-element-f5a392e elementor-widget elementor-widget-text-editor\" data-id=\"f5a392e\" data-element_type=\"widget\" data-e-type=\"widget\" data-widget_type=\"text-editor.default\">\n\t\t\t\t<div class=\"elementor-widget-container\">\n\t\t\t\t\t\t\t\t\t<h5>Adh\u00e9sion en tant que membre associ\u00e9\u00b7e : Renouvellement automatique<\/h5><p>Le statut de membre associ\u00e9.e est offert aux monteur\u00b7euse\u00b7s, assistant\u00b7e\u00b7s-monteur\u00b7euse\u00b7s, superviseur\u00b7e\u00b7s de postproduction et autres professionnel\u00b7le\u00b7s de l\u2019industrie du film int\u00e9ress\u00e9\u00b7e\u00b7s \u00e0 devenir membre du CCE et qui acceptent de s\u2019inscrire au renouvellement automatique en \u00e9change d\u2019un rabais de 5 %.<\/p><p>142,50 $\/ann\u00e9e\u00a0<\/p><p>L\u2019adh\u00e9sion se renouvelle automatiquement chaque ann\u00e9e.<\/p>\t\t\t\t\t\t\t\t<\/div>\n\t\t\t\t<\/div>\n\t\t\t\t<div class=\"elementor-element elementor-element-a21d656 elementor-widget elementor-widget-button\" data-id=\"a21d656\" data-element_type=\"widget\" data-e-type=\"widget\" data-widget_type=\"button.default\">\n\t\t\t\t<div class=\"elementor-widget-container\">\n\t\t\t\t\t\t\t\t\t<div class=\"elementor-button-wrapper\">\n\t\t\t\t\t<a class=\"elementor-button elementor-button-link elementor-size-sm\" href=\"https:\/\/cceditors.ca\/fr\/membership-account\/membership-checkout\/?level=13\">\n\t\t\t\t\t\t<span class=\"elementor-button-content-wrapper\">\n\t\t\t\t\t\t\t\t\t<span class=\"elementor-button-text\">Choisir ce statut<\/span>\n\t\t\t\t\t<\/span>\n\t\t\t\t\t<\/a>\n\t\t\t\t<\/div>\n\t\t\t\t\t\t\t\t<\/div>\n\t\t\t\t<\/div>\n\t\t\t\t<div class=\"elementor-element elementor-element-15cad6a elementor-widget elementor-widget-text-editor\" data-id=\"15cad6a\" data-element_type=\"widget\" data-e-type=\"widget\" data-widget_type=\"text-editor.default\">\n\t\t\t\t<div class=\"elementor-widget-container\">\n\t\t\t\t\t\t\t\t\t<h5>Adh\u00e9sion de 2 ans en tant que membre associ\u00e9\u00b7e<\/h5><p>Le statut de membre associ\u00e9.e est offert aux monteur.euse.s, assistant.e.s-monteur.euse.s, superviseur.e.s de postproduction et autres professionnel.le.s de l\u2019industrie du film int\u00e9ress\u00e9.e.s \u00e0 devenir membre du CCE et qui acceptent de s\u2019inscrire pour 2 ans en \u00e9change d\u2019un rabais de 5 %.<\/p><p>285  $\/DEUX ANS<\/p><p>L\u2019adh\u00e9sion expire apr\u00e8s 2 ann\u00e9es.<\/p>\t\t\t\t\t\t\t\t<\/div>\n\t\t\t\t<\/div>\n\t\t\t\t<div class=\"elementor-element elementor-element-5308911 elementor-widget elementor-widget-button\" data-id=\"5308911\" data-element_type=\"widget\" data-e-type=\"widget\" data-widget_type=\"button.default\">\n\t\t\t\t<div class=\"elementor-widget-container\">\n\t\t\t\t\t\t\t\t\t<div class=\"elementor-button-wrapper\">\n\t\t\t\t\t<a class=\"elementor-button elementor-button-link elementor-size-sm\" href=\"https:\/\/cceditors.ca\/fr\/membership-account\/membership-checkout\/?level=14\">\n\t\t\t\t\t\t<span class=\"elementor-button-content-wrapper\">\n\t\t\t\t\t\t\t\t\t<span class=\"elementor-button-text\">Choisir ce statut<\/span>\n\t\t\t\t\t<\/span>\n\t\t\t\t\t<\/a>\n\t\t\t\t<\/div>\n\t\t\t\t\t\t\t\t<\/div>\n\t\t\t\t<\/div>\n\t\t\t\t\t<\/div>\n\t\t<\/div>\n\t\t\t\t\t<\/div>\n\t\t<\/section>\n\t\t\t\t<\/div>","protected":false},"excerpt":{"rendered":"<p>Associate Membership 1st Time Associate Membership First time Associate Membership is open to editors, assistant editors, post production supervisors and other industry professionals who are interested in joining the CCE and have never been an associate member before. $100 \/ yearly\u00a0 Membership expires after one year. Select Level Associate Membership Associate Membership is open to [&hellip;]<\/p>\n","protected":false},"author":3,"featured_media":0,"parent":3429,"menu_order":0,"comment_status":"closed","ping_status":"closed","template":"","meta":{"pmpro_default_level":"","footnotes":""},"class_list":["post-23350","page","type-page","status-publish","hentry","pmpro-has-access"],"yoast_head":"<!-- This site is optimized with the Yoast SEO plugin v27.6 - https:\/\/yoast.com\/product\/yoast-seo-wordpress\/ -->\n<title>Associate Member &#187; Canadian Cinema Editors \/ Les Monteurs et Monteuses de cin\u00e9ma canadien<\/title>\n<meta name=\"robots\" content=\"index, follow, max-snippet:-1, max-image-preview:large, max-video-preview:-1\" \/>\n<link rel=\"canonical\" href=\"https:\/\/cceditors.ca\/fr\/become-a-member\/join\/associate-member\/\" \/>\n<meta property=\"og:locale\" content=\"fr_CA\" \/>\n<meta property=\"og:type\" content=\"article\" \/>\n<meta property=\"og:title\" content=\"Associate Member &#187; Canadian Cinema Editors \/ Les Monteurs et Monteuses de cin\u00e9ma canadien\" \/>\n<meta property=\"og:description\" content=\"Associate Membership 1st Time Associate Membership First time Associate Membership is open to editors, assistant editors, post production supervisors and other industry professionals who are interested in joining the CCE and have never been an associate member before. $100 \/ yearly\u00a0 Membership expires after one year. Select Level Associate Membership Associate Membership is open to [&hellip;]\" \/>\n<meta property=\"og:url\" content=\"https:\/\/cceditors.ca\/fr\/become-a-member\/join\/associate-member\/\" \/>\n<meta property=\"og:site_name\" content=\"Canadian Cinema Editors \/ Les Monteurs et Monteuses de cin\u00e9ma canadien\" \/>\n<meta property=\"article:publisher\" content=\"https:\/\/www.facebook.com\/CCEditors\" \/>\n<meta property=\"article:modified_time\" content=\"2022-05-14T02:10:59+00:00\" \/>\n<meta name=\"twitter:card\" content=\"summary_large_image\" \/>\n<meta name=\"twitter:site\" content=\"@CCE_editors\" \/>\n<meta name=\"twitter:label1\" content=\"Estimation du temps de lecture\" \/>\n\t<meta name=\"twitter:data1\" content=\"1 minute\" \/>\n<script type=\"application\/ld+json\" class=\"yoast-schema-graph\">{\"@context\":\"https:\\\/\\\/schema.org\",\"@graph\":[{\"@type\":\"WebPage\",\"@id\":\"https:\\\/\\\/cceditors.ca\\\/become-a-member\\\/join\\\/associate-member\\\/\",\"url\":\"https:\\\/\\\/cceditors.ca\\\/become-a-member\\\/join\\\/associate-member\\\/\",\"name\":\"Associate Member &#187; Canadian Cinema Editors \\\/ Les Monteurs et Monteuses de cin\u00e9ma canadien\",\"isPartOf\":{\"@id\":\"https:\\\/\\\/cceditors.ca\\\/fr\\\/#website\"},\"datePublished\":\"2022-05-13T21:14:20+00:00\",\"dateModified\":\"2022-05-14T02:10:59+00:00\",\"breadcrumb\":{\"@id\":\"https:\\\/\\\/cceditors.ca\\\/become-a-member\\\/join\\\/associate-member\\\/#breadcrumb\"},\"inLanguage\":\"fr-CA\",\"potentialAction\":[{\"@type\":\"ReadAction\",\"target\":[\"https:\\\/\\\/cceditors.ca\\\/become-a-member\\\/join\\\/associate-member\\\/\"]}]},{\"@type\":\"BreadcrumbList\",\"@id\":\"https:\\\/\\\/cceditors.ca\\\/become-a-member\\\/join\\\/associate-member\\\/#breadcrumb\",\"itemListElement\":[{\"@type\":\"ListItem\",\"position\":1,\"name\":\"Home\",\"item\":\"https:\\\/\\\/cceditors.ca\\\/\"},{\"@type\":\"ListItem\",\"position\":2,\"name\":\"Become a Member\",\"item\":\"https:\\\/\\\/cceditors.ca\\\/become-a-member\\\/\"},{\"@type\":\"ListItem\",\"position\":3,\"name\":\"Join\",\"item\":\"https:\\\/\\\/cceditors.ca\\\/become-a-member\\\/join\\\/\"},{\"@type\":\"ListItem\",\"position\":4,\"name\":\"Associate Member\"}]},{\"@type\":\"WebSite\",\"@id\":\"https:\\\/\\\/cceditors.ca\\\/fr\\\/#website\",\"url\":\"https:\\\/\\\/cceditors.ca\\\/fr\\\/\",\"name\":\"Canadian Cinema Editors \\\/ Les Monteurs et Monteuses de cin\u00e9ma canadien\",\"description\":\"The Canadian Cinema Editors aims to connect and promote editors across Canada\",\"potentialAction\":[{\"@type\":\"SearchAction\",\"target\":{\"@type\":\"EntryPoint\",\"urlTemplate\":\"https:\\\/\\\/cceditors.ca\\\/fr\\\/?s={search_term_string}\"},\"query-input\":{\"@type\":\"PropertyValueSpecification\",\"valueRequired\":true,\"valueName\":\"search_term_string\"}}],\"inLanguage\":\"fr-CA\"}]}<\/script>\n<!-- \/ Yoast SEO plugin. -->","yoast_head_json":{"title":"Associate Member &#187; Canadian Cinema Editors \/ Les Monteurs et Monteuses de cin\u00e9ma canadien","robots":{"index":"index","follow":"follow","max-snippet":"max-snippet:-1","max-image-preview":"max-image-preview:large","max-video-preview":"max-video-preview:-1"},"canonical":"https:\/\/cceditors.ca\/fr\/become-a-member\/join\/associate-member\/","og_locale":"fr_CA","og_type":"article","og_title":"Associate Member &#187; Canadian Cinema Editors \/ Les Monteurs et Monteuses de cin\u00e9ma canadien","og_description":"Associate Membership 1st Time Associate Membership First time Associate Membership is open to editors, assistant editors, post production supervisors and other industry professionals who are interested in joining the CCE and have never been an associate member before. $100 \/ yearly\u00a0 Membership expires after one year. Select Level Associate Membership Associate Membership is open to [&hellip;]","og_url":"https:\/\/cceditors.ca\/fr\/become-a-member\/join\/associate-member\/","og_site_name":"Canadian Cinema Editors \/ Les Monteurs et Monteuses de cin\u00e9ma canadien","article_publisher":"https:\/\/www.facebook.com\/CCEditors","article_modified_time":"2022-05-14T02:10:59+00:00","twitter_card":"summary_large_image","twitter_site":"@CCE_editors","twitter_misc":{"Estimation du temps de lecture":"1 minute"},"schema":{"@context":"https:\/\/schema.org","@graph":[{"@type":"WebPage","@id":"https:\/\/cceditors.ca\/become-a-member\/join\/associate-member\/","url":"https:\/\/cceditors.ca\/become-a-member\/join\/associate-member\/","name":"Associate Member &#187; Canadian Cinema Editors \/ Les Monteurs et Monteuses de cin\u00e9ma canadien","isPartOf":{"@id":"https:\/\/cceditors.ca\/fr\/#website"},"datePublished":"2022-05-13T21:14:20+00:00","dateModified":"2022-05-14T02:10:59+00:00","breadcrumb":{"@id":"https:\/\/cceditors.ca\/become-a-member\/join\/associate-member\/#breadcrumb"},"inLanguage":"fr-CA","potentialAction":[{"@type":"ReadAction","target":["https:\/\/cceditors.ca\/become-a-member\/join\/associate-member\/"]}]},{"@type":"BreadcrumbList","@id":"https:\/\/cceditors.ca\/become-a-member\/join\/associate-member\/#breadcrumb","itemListElement":[{"@type":"ListItem","position":1,"name":"Home","item":"https:\/\/cceditors.ca\/"},{"@type":"ListItem","position":2,"name":"Become a Member","item":"https:\/\/cceditors.ca\/become-a-member\/"},{"@type":"ListItem","position":3,"name":"Join","item":"https:\/\/cceditors.ca\/become-a-member\/join\/"},{"@type":"ListItem","position":4,"name":"Associate Member"}]},{"@type":"WebSite","@id":"https:\/\/cceditors.ca\/fr\/#website","url":"https:\/\/cceditors.ca\/fr\/","name":"Canadian Cinema Editors \/ Les Monteurs et Monteuses de cin\u00e9ma canadien","description":"The Canadian Cinema Editors aims to connect and promote editors across Canada","potentialAction":[{"@type":"SearchAction","target":{"@type":"EntryPoint","urlTemplate":"https:\/\/cceditors.ca\/fr\/?s={search_term_string}"},"query-input":{"@type":"PropertyValueSpecification","valueRequired":true,"valueName":"search_term_string"}}],"inLanguage":"fr-CA"}]}},"_links":{"self":[{"href":"https:\/\/cceditors.ca\/fr\/wp-json\/wp\/v2\/pages\/23350","targetHints":{"allow":["GET"]}}],"collection":[{"href":"https:\/\/cceditors.ca\/fr\/wp-json\/wp\/v2\/pages"}],"about":[{"href":"https:\/\/cceditors.ca\/fr\/wp-json\/wp\/v2\/types\/page"}],"author":[{"embeddable":true,"href":"https:\/\/cceditors.ca\/fr\/wp-json\/wp\/v2\/users\/3"}],"replies":[{"embeddable":true,"href":"https:\/\/cceditors.ca\/fr\/wp-json\/wp\/v2\/comments?post=23350"}],"version-history":[{"count":0,"href":"https:\/\/cceditors.ca\/fr\/wp-json\/wp\/v2\/pages\/23350\/revisions"}],"up":[{"embeddable":true,"href":"https:\/\/cceditors.ca\/fr\/wp-json\/wp\/v2\/pages\/3429"}],"wp:attachment":[{"href":"https:\/\/cceditors.ca\/fr\/wp-json\/wp\/v2\/media?parent=23350"}],"curies":[{"name":"wp","href":"https:\/\/api.w.org\/{rel}","templated":true}]}}