{"id":378,"date":"2020-09-17T16:14:58","date_gmt":"2020-09-17T16:14:58","guid":{"rendered":"http:\/\/cceditor.mywhc.ca\/?page_id=378"},"modified":"2021-01-06T22:25:49","modified_gmt":"2021-01-07T03:25:49","slug":"press-releases","status":"publish","type":"page","link":"https:\/\/cceditors.ca\/fr\/what-is-new\/press-releases\/","title":{"rendered":"Communiqu\u00e9s de presse"},"content":{"rendered":"<div data-elementor-type=\"wp-page\" data-elementor-id=\"378\" class=\"elementor elementor-378\" data-elementor-post-type=\"page\">\n\t\t\t\t\t\t<section class=\"elementor-section elementor-top-section elementor-element elementor-element-2aed53c2 elementor-section-boxed elementor-section-height-default elementor-section-height-default\" data-id=\"2aed53c2\" data-element_type=\"section\" data-e-type=\"section\">\n\t\t\t\t\t\t<div class=\"elementor-container elementor-column-gap-default\">\n\t\t\t\t\t<div class=\"elementor-column elementor-col-100 elementor-top-column elementor-element elementor-element-44b15448\" data-id=\"44b15448\" data-element_type=\"column\" data-e-type=\"column\">\n\t\t\t<div class=\"elementor-widget-wrap elementor-element-populated\">\n\t\t\t\t\t\t<div class=\"elementor-element elementor-element-7b2d7d54 elementor-widget elementor-widget-heading\" data-id=\"7b2d7d54\" data-element_type=\"widget\" data-e-type=\"widget\" data-settings=\"{&quot;_animation_tablet&quot;:&quot;fadeIn&quot;}\" data-widget_type=\"heading.default\">\n\t\t\t\t<div class=\"elementor-widget-container\">\n\t\t\t\t\t<h1 class=\"elementor-heading-title elementor-size-default\">Communiqu\u00e9s de presse<\/h1>\t\t\t\t<\/div>\n\t\t\t\t<\/div>\n\t\t\t\t\t<\/div>\n\t\t<\/div>\n\t\t\t\t\t<\/div>\n\t\t<\/section>\n\t\t\t\t<section class=\"elementor-section elementor-top-section elementor-element elementor-element-700d3f9f elementor-section-boxed elementor-section-height-default elementor-section-height-default\" data-id=\"700d3f9f\" data-element_type=\"section\" data-e-type=\"section\" data-settings=\"{&quot;background_background&quot;:&quot;classic&quot;,&quot;shape_divider_top&quot;:&quot;opacity-tilt&quot;}\">\n\t\t\t\t\t<div class=\"elementor-shape elementor-shape-top\" aria-hidden=\"true\" data-negative=\"false\">\n\t\t\t<svg xmlns=\"http:\/\/www.w3.org\/2000\/svg\" viewbox=\"0 0 2600 131.1\" preserveaspectratio=\"none\">\n\t<path class=\"elementor-shape-fill\" d=\"M0 0L2600 0 2600 69.1 0 0z\"\/>\n\t<path class=\"elementor-shape-fill\" style=\"opacity:0.5\" d=\"M0 0L2600 0 2600 69.1 0 69.1z\"\/>\n\t<path class=\"elementor-shape-fill\" style=\"opacity:0.25\" d=\"M2600 0L0 0 0 130.1 2600 69.1z\"\/>\n<\/svg>\t\t<\/div>\n\t\t\t\t\t<div class=\"elementor-container elementor-column-gap-default\">\n\t\t\t\t\t<div class=\"elementor-column elementor-col-100 elementor-top-column elementor-element elementor-element-2e151e82\" data-id=\"2e151e82\" data-element_type=\"column\" data-e-type=\"column\">\n\t\t\t<div class=\"elementor-widget-wrap elementor-element-populated\">\n\t\t\t\t\t\t<div class=\"elementor-element elementor-element-dcfd165 elementor-grid-3 elementor-grid-tablet-2 elementor-grid-mobile-1 elementor-posts--thumbnail-top elementor-card-shadow-yes elementor-posts__hover-gradient elementor-widget elementor-widget-posts\" data-id=\"dcfd165\" data-element_type=\"widget\" data-e-type=\"widget\" data-settings=\"{&quot;pagination_type&quot;:&quot;prev_next&quot;,&quot;_animation_tablet&quot;:&quot;fadeIn&quot;,&quot;_animation_mobile&quot;:&quot;fadeIn&quot;,&quot;cards_columns&quot;:&quot;3&quot;,&quot;cards_columns_tablet&quot;:&quot;2&quot;,&quot;cards_columns_mobile&quot;:&quot;1&quot;,&quot;cards_row_gap&quot;:{&quot;unit&quot;:&quot;px&quot;,&quot;size&quot;:35,&quot;sizes&quot;:[]},&quot;cards_row_gap_tablet&quot;:{&quot;unit&quot;:&quot;px&quot;,&quot;size&quot;:&quot;&quot;,&quot;sizes&quot;:[]},&quot;cards_row_gap_mobile&quot;:{&quot;unit&quot;:&quot;px&quot;,&quot;size&quot;:&quot;&quot;,&quot;sizes&quot;:[]}}\" data-widget_type=\"posts.cards\">\n\t\t\t\t<div class=\"elementor-widget-container\">\n\t\t\t\t\t\t\t<div class=\"elementor-posts-container elementor-posts elementor-posts--skin-cards elementor-grid\" role=\"list\">\n\t\t\t\t<article class=\"elementor-post elementor-grid-item post-47426 post type-post status-publish format-standard has-post-thumbnail hentry category-articles category-press-release pmpro-has-access\" role=\"listitem\">\n\t\t\t<div class=\"elementor-post__card\">\n\t\t\t\t<a class=\"elementor-post__thumbnail__link\" href=\"https:\/\/cceditors.ca\/fr\/2026\/04\/2026-cce-award-nominees\/\" tabindex=\"-1\" ><div class=\"elementor-post__thumbnail\"><img fetchpriority=\"high\" decoding=\"async\" width=\"2560\" height=\"1010\" src=\"https:\/\/cceditors.ca\/wp-content\/uploads\/Awards-General-Photos-03-1-scaled-e1771543215479.webp\" class=\"attachment-full size-full wp-image-46725\" alt=\"\" srcset=\"https:\/\/cceditors.ca\/wp-content\/uploads\/Awards-General-Photos-03-1-scaled-e1771543215479.webp 2560w, https:\/\/cceditors.ca\/wp-content\/uploads\/Awards-General-Photos-03-1-scaled-e1771543215479-768x303.webp 768w, https:\/\/cceditors.ca\/wp-content\/uploads\/Awards-General-Photos-03-1-scaled-e1771543215479-1536x606.webp 1536w, https:\/\/cceditors.ca\/wp-content\/uploads\/Awards-General-Photos-03-1-scaled-e1771543215479-2048x808.webp 2048w, https:\/\/cceditors.ca\/wp-content\/uploads\/Awards-General-Photos-03-1-scaled-e1771543215479-18x7.webp 18w, https:\/\/cceditors.ca\/wp-content\/uploads\/Awards-General-Photos-03-1-scaled-e1771543215479-1200x473.webp 1200w, https:\/\/cceditors.ca\/wp-content\/uploads\/Awards-General-Photos-03-1-scaled-e1771543215479-1980x781.webp 1980w\" sizes=\"(max-width: 2560px) 100vw, 2560px\" \/><\/div><\/a>\n\t\t\t\t<div class=\"elementor-post__text\">\n\t\t\t\t<h2 class=\"elementor-post__title\">\n\t\t\t<a href=\"https:\/\/cceditors.ca\/fr\/2026\/04\/2026-cce-award-nominees\/\" >\n\t\t\t\tNominations pour les prix CCE 2026\t\t\t<\/a>\n\t\t<\/h2>\n\t\t\n\t\t<a class=\"elementor-post__read-more\" href=\"https:\/\/cceditors.ca\/fr\/2026\/04\/2026-cce-award-nominees\/\" aria-label=\"Read more about 2026 CCE Award Nominees\" tabindex=\"-1\" >\n\t\t\tRead More \u00bb\t\t<\/a>\n\n\t\t\t\t<\/div>\n\t\t\t\t<div class=\"elementor-post__meta-data\">\n\t\t\t\t\t<span class=\"elementor-post-date\">\n\t\t\t13 avril, 2026\t\t<\/span>\n\t\t\t\t<\/div>\n\t\t\t\t\t<\/div>\n\t\t<\/article>\n\t\t\t\t<article class=\"elementor-post elementor-grid-item post-46941 post type-post status-publish format-standard has-post-thumbnail hentry category-articles category-press-release pmpro-has-access\" role=\"listitem\">\n\t\t\t<div class=\"elementor-post__card\">\n\t\t\t\t<a class=\"elementor-post__thumbnail__link\" href=\"https:\/\/cceditors.ca\/fr\/2026\/04\/lifetimecareer2026\/\" tabindex=\"-1\" ><div class=\"elementor-post__thumbnail\"><img decoding=\"async\" width=\"1920\" height=\"1080\" src=\"https:\/\/cceditors.ca\/wp-content\/uploads\/AD-copy.webp\" class=\"attachment-full size-full wp-image-47223\" alt=\"\" srcset=\"https:\/\/cceditors.ca\/wp-content\/uploads\/AD-copy.webp 1920w, https:\/\/cceditors.ca\/wp-content\/uploads\/AD-copy-768x432.webp 768w, https:\/\/cceditors.ca\/wp-content\/uploads\/AD-copy-1536x864.webp 1536w, https:\/\/cceditors.ca\/wp-content\/uploads\/AD-copy-18x10.webp 18w, https:\/\/cceditors.ca\/wp-content\/uploads\/AD-copy-1200x675.webp 1200w\" sizes=\"(max-width: 1920px) 100vw, 1920px\" \/><\/div><\/a>\n\t\t\t\t<div class=\"elementor-post__text\">\n\t\t\t\t<h2 class=\"elementor-post__title\">\n\t\t\t<a href=\"https:\/\/cceditors.ca\/fr\/2026\/04\/lifetimecareer2026\/\" >\n\t\t\t\tLes Monteurs et Monteuses de cin\u00e9ma canadien r\u00e9v\u00e8lent les laur\u00e9ats du Prix d\u2019excellence soulignant l\u2019\u0153uvre d\u2019une vie et du Prix pour une carri\u00e8re exceptionnelle\t\t\t<\/a>\n\t\t<\/h2>\n\t\t\n\t\t<a class=\"elementor-post__read-more\" href=\"https:\/\/cceditors.ca\/fr\/2026\/04\/lifetimecareer2026\/\" aria-label=\"Read more about The Canadian Cinema Editors announces the recipients of the Lifetime Achievement Award and Career Achievement Award\" tabindex=\"-1\" >\n\t\t\tRead More \u00bb\t\t<\/a>\n\n\t\t\t\t<\/div>\n\t\t\t\t<div class=\"elementor-post__meta-data\">\n\t\t\t\t\t<span class=\"elementor-post-date\">\n\t\t\t6 avril, 2026\t\t<\/span>\n\t\t\t\t<\/div>\n\t\t\t\t\t<\/div>\n\t\t<\/article>\n\t\t\t\t<article class=\"elementor-post elementor-grid-item post-45079 post type-post status-publish format-standard has-post-thumbnail hentry category-articles category-press-release tag-cce tag-editing tag-editor tag-editors tag-montage tag-monteurs tag-monteuses pmpro-has-access\" role=\"listitem\">\n\t\t\t<div class=\"elementor-post__card\">\n\t\t\t\t<a class=\"elementor-post__thumbnail__link\" href=\"https:\/\/cceditors.ca\/fr\/2025\/12\/editcon9\/\" tabindex=\"-1\" ><div class=\"elementor-post__thumbnail\"><img decoding=\"async\" width=\"1920\" height=\"1080\" src=\"https:\/\/cceditors.ca\/wp-content\/uploads\/2026-EditCon-Banner-bar-sticking-out-copy.png\" class=\"attachment-full size-full wp-image-45084\" alt=\"\" srcset=\"https:\/\/cceditors.ca\/wp-content\/uploads\/2026-EditCon-Banner-bar-sticking-out-copy.png 1920w, https:\/\/cceditors.ca\/wp-content\/uploads\/2026-EditCon-Banner-bar-sticking-out-copy-768x432.png 768w, https:\/\/cceditors.ca\/wp-content\/uploads\/2026-EditCon-Banner-bar-sticking-out-copy-1536x864.png 1536w, https:\/\/cceditors.ca\/wp-content\/uploads\/2026-EditCon-Banner-bar-sticking-out-copy-18x10.png 18w, https:\/\/cceditors.ca\/wp-content\/uploads\/2026-EditCon-Banner-bar-sticking-out-copy-1200x675.png 1200w\" sizes=\"(max-width: 1920px) 100vw, 1920px\" \/><\/div><\/a>\n\t\t\t\t<div class=\"elementor-post__text\">\n\t\t\t\t<h2 class=\"elementor-post__title\">\n\t\t\t<a href=\"https:\/\/cceditors.ca\/fr\/2025\/12\/editcon9\/\" >\n\t\t\t\tLes Monteurs et Monteuses de cin\u00e9ma canadien pr\u00e9sentent leur 9e conf\u00e9rence annuelle, l\u2019EditCon 2026\t\t\t<\/a>\n\t\t<\/h2>\n\t\t\n\t\t<a class=\"elementor-post__read-more\" href=\"https:\/\/cceditors.ca\/fr\/2025\/12\/editcon9\/\" aria-label=\"Read more about The Canadian Cinema Editors presents its 9th annual conference EDITCON 2026\" tabindex=\"-1\" >\n\t\t\tRead More \u00bb\t\t<\/a>\n\n\t\t\t\t<\/div>\n\t\t\t\t<div class=\"elementor-post__meta-data\">\n\t\t\t\t\t<span class=\"elementor-post-date\">\n\t\t\t12 D\u00e9cembre, 2025\t\t<\/span>\n\t\t\t\t<\/div>\n\t\t\t\t\t<\/div>\n\t\t<\/article>\n\t\t\t\t<article class=\"elementor-post elementor-grid-item post-40609 post type-post status-publish format-standard has-post-thumbnail hentry category-articles category-press-release tag-cce tag-editing tag-editors tag-montage tag-monteurs tag-monteuses pmpro-has-access\" role=\"listitem\">\n\t\t\t<div class=\"elementor-post__card\">\n\t\t\t\t<a class=\"elementor-post__thumbnail__link\" href=\"https:\/\/cceditors.ca\/fr\/2025\/04\/2025-cce-award-nominees\/\" tabindex=\"-1\" ><div class=\"elementor-post__thumbnail\"><img loading=\"lazy\" decoding=\"async\" width=\"2560\" height=\"1441\" src=\"https:\/\/cceditors.ca\/wp-content\/uploads\/Awards-2025-scaled.webp\" class=\"attachment-full size-full wp-image-44706\" alt=\"\" srcset=\"https:\/\/cceditors.ca\/wp-content\/uploads\/Awards-2025-scaled.webp 2560w, https:\/\/cceditors.ca\/wp-content\/uploads\/Awards-2025-768x432.webp 768w, https:\/\/cceditors.ca\/wp-content\/uploads\/Awards-2025-1536x864.webp 1536w, https:\/\/cceditors.ca\/wp-content\/uploads\/Awards-2025-2048x1152.webp 2048w, https:\/\/cceditors.ca\/wp-content\/uploads\/Awards-2025-18x10.webp 18w, https:\/\/cceditors.ca\/wp-content\/uploads\/Awards-2025-1200x675.webp 1200w, https:\/\/cceditors.ca\/wp-content\/uploads\/Awards-2025-1980x1114.webp 1980w\" sizes=\"(max-width: 2560px) 100vw, 2560px\" \/><\/div><\/a>\n\t\t\t\t<div class=\"elementor-post__text\">\n\t\t\t\t<h2 class=\"elementor-post__title\">\n\t\t\t<a href=\"https:\/\/cceditors.ca\/fr\/2025\/04\/2025-cce-award-nominees\/\" >\n\t\t\t\tNominations pour les prix CCE 2025\t\t\t<\/a>\n\t\t<\/h2>\n\t\t\n\t\t<a class=\"elementor-post__read-more\" href=\"https:\/\/cceditors.ca\/fr\/2025\/04\/2025-cce-award-nominees\/\" aria-label=\"Read more about 2025 CCE Award Nominees\" tabindex=\"-1\" >\n\t\t\tRead More \u00bb\t\t<\/a>\n\n\t\t\t\t<\/div>\n\t\t\t\t<div class=\"elementor-post__meta-data\">\n\t\t\t\t\t<span class=\"elementor-post-date\">\n\t\t\t14 avril, 2025\t\t<\/span>\n\t\t\t\t<\/div>\n\t\t\t\t\t<\/div>\n\t\t<\/article>\n\t\t\t\t<article class=\"elementor-post elementor-grid-item post-40493 post type-post status-publish format-standard has-post-thumbnail hentry category-articles category-press-release pmpro-has-access\" role=\"listitem\">\n\t\t\t<div class=\"elementor-post__card\">\n\t\t\t\t<a class=\"elementor-post__thumbnail__link\" href=\"https:\/\/cceditors.ca\/fr\/2025\/04\/the-canadian-cinema-editors-announces-the-recipients-of-the-2025-lifetime-achievement-award-and-career-achievement-award\/\" tabindex=\"-1\" ><div class=\"elementor-post__thumbnail\"><img loading=\"lazy\" decoding=\"async\" width=\"960\" height=\"540\" src=\"https:\/\/cceditors.ca\/wp-content\/uploads\/2025\/04\/Lifetime-Award-2025-03-1.png\" class=\"attachment-full size-full wp-image-40534\" alt=\"\" srcset=\"https:\/\/cceditors.ca\/wp-content\/uploads\/2025\/04\/Lifetime-Award-2025-03-1.png 960w, https:\/\/cceditors.ca\/wp-content\/uploads\/2025\/04\/Lifetime-Award-2025-03-1-750x422.png 750w, https:\/\/cceditors.ca\/wp-content\/uploads\/2025\/04\/Lifetime-Award-2025-03-1-768x432.png 768w, https:\/\/cceditors.ca\/wp-content\/uploads\/2025\/04\/Lifetime-Award-2025-03-1-18x10.png 18w\" sizes=\"(max-width: 960px) 100vw, 960px\" \/><\/div><\/a>\n\t\t\t\t<div class=\"elementor-post__text\">\n\t\t\t\t<h2 class=\"elementor-post__title\">\n\t\t\t<a href=\"https:\/\/cceditors.ca\/fr\/2025\/04\/the-canadian-cinema-editors-announces-the-recipients-of-the-2025-lifetime-achievement-award-and-career-achievement-award\/\" >\n\t\t\t\tThe Canadian Cinema Editors announces the recipients of the 2025 Lifetime Achievement Award and Career Achievement Award\u00a0\t\t\t<\/a>\n\t\t<\/h2>\n\t\t\n\t\t<a class=\"elementor-post__read-more\" href=\"https:\/\/cceditors.ca\/fr\/2025\/04\/the-canadian-cinema-editors-announces-the-recipients-of-the-2025-lifetime-achievement-award-and-career-achievement-award\/\" aria-label=\"Read more about The Canadian Cinema Editors announces the recipients of the 2025 Lifetime Achievement Award and Career Achievement Award\u00a0\" tabindex=\"-1\" >\n\t\t\tRead More \u00bb\t\t<\/a>\n\n\t\t\t\t<\/div>\n\t\t\t\t<div class=\"elementor-post__meta-data\">\n\t\t\t\t\t<span class=\"elementor-post-date\">\n\t\t\t7 avril, 2025\t\t<\/span>\n\t\t\t\t<\/div>\n\t\t\t\t\t<\/div>\n\t\t<\/article>\n\t\t\t\t<article class=\"elementor-post elementor-grid-item post-39878 post type-post status-publish format-standard has-post-thumbnail hentry category-articles category-press-release pmpro-has-access\" role=\"listitem\">\n\t\t\t<div class=\"elementor-post__card\">\n\t\t\t\t<a class=\"elementor-post__thumbnail__link\" href=\"https:\/\/cceditors.ca\/fr\/2025\/02\/canadian-cinema-editors-and-comite-des-treize-launch-the-editors-taskbook-responsibilities-and-best-practices\/\" tabindex=\"-1\" ><div class=\"elementor-post__thumbnail\"><img loading=\"lazy\" decoding=\"async\" width=\"2560\" height=\"1440\" src=\"https:\/\/cceditors.ca\/wp-content\/uploads\/2021\/11\/AdobeStock_346156389-scaled.jpeg\" class=\"attachment-full size-full wp-image-19416\" alt=\"editors across canada\" srcset=\"https:\/\/cceditors.ca\/wp-content\/uploads\/2021\/11\/AdobeStock_346156389-scaled.jpeg 2560w, https:\/\/cceditors.ca\/wp-content\/uploads\/2021\/11\/AdobeStock_346156389-750x422.jpeg 750w, https:\/\/cceditors.ca\/wp-content\/uploads\/2021\/11\/AdobeStock_346156389-1920x1080.jpeg 1920w, https:\/\/cceditors.ca\/wp-content\/uploads\/2021\/11\/AdobeStock_346156389-768x432.jpeg 768w, https:\/\/cceditors.ca\/wp-content\/uploads\/2021\/11\/AdobeStock_346156389-1536x864.jpeg 1536w, https:\/\/cceditors.ca\/wp-content\/uploads\/2021\/11\/AdobeStock_346156389-2048x1152.jpeg 2048w, https:\/\/cceditors.ca\/wp-content\/uploads\/2021\/11\/AdobeStock_346156389-18x10.jpeg 18w, https:\/\/cceditors.ca\/wp-content\/uploads\/2021\/11\/AdobeStock_346156389-1200x675.jpeg 1200w, https:\/\/cceditors.ca\/wp-content\/uploads\/2021\/11\/AdobeStock_346156389-1980x1114.jpeg 1980w\" sizes=\"(max-width: 2560px) 100vw, 2560px\" \/><\/div><\/a>\n\t\t\t\t<div class=\"elementor-post__text\">\n\t\t\t\t<h2 class=\"elementor-post__title\">\n\t\t\t<a href=\"https:\/\/cceditors.ca\/fr\/2025\/02\/canadian-cinema-editors-and-comite-des-treize-launch-the-editors-taskbook-responsibilities-and-best-practices\/\" >\n\t\t\t\tCanadian Cinema Editors and the Comit\u00e9 des treize launch The Editor\u2019s Taskbook: Responsibilities and Best Practices\t\t\t<\/a>\n\t\t<\/h2>\n\t\t\n\t\t<a class=\"elementor-post__read-more\" href=\"https:\/\/cceditors.ca\/fr\/2025\/02\/canadian-cinema-editors-and-comite-des-treize-launch-the-editors-taskbook-responsibilities-and-best-practices\/\" aria-label=\"Read more about Canadian Cinema Editors and the Comit\u00e9 des treize launch The Editor\u2019s Taskbook: Responsibilities and Best Practices\" tabindex=\"-1\" >\n\t\t\tRead More \u00bb\t\t<\/a>\n\n\t\t\t\t<\/div>\n\t\t\t\t<div class=\"elementor-post__meta-data\">\n\t\t\t\t\t<span class=\"elementor-post-date\">\n\t\t\t10 f\u00e9vrier, 2025\t\t<\/span>\n\t\t\t\t<\/div>\n\t\t\t\t\t<\/div>\n\t\t<\/article>\n\t\t\t\t<\/div>\n\t\t\n\t\t\t\t<div class=\"e-load-more-anchor\" data-page=\"1\" data-max-page=\"4\" data-next-page=\"https:\/\/cceditors.ca\/fr\/wp-json\/wp\/v2\/pages\/378\/page\/2\/\"><\/div>\n\t\t\t\t<nav class=\"elementor-pagination\" aria-label=\"Pagination\">\n\t\t\t<span class=\"page-numbers prev\">&laquo; Previous<\/span>\n<a class=\"page-numbers next\" href=\"https:\/\/cceditors.ca\/fr\/wp-json\/wp\/v2\/pages\/378\/page\/2\/\">Next &raquo;<\/a>\t\t<\/nav>\n\t\t\t\t\t\t<\/div>\n\t\t\t\t<\/div>\n\t\t\t\t\t<\/div>\n\t\t<\/div>\n\t\t\t\t\t<\/div>\n\t\t<\/section>\n\t\t\t\t<section class=\"elementor-section elementor-top-section elementor-element elementor-element-48ae2561 elementor-section-boxed elementor-section-height-default elementor-section-height-default\" data-id=\"48ae2561\" data-element_type=\"section\" data-e-type=\"section\" data-settings=\"{&quot;background_background&quot;:&quot;classic&quot;}\">\n\t\t\t\t\t\t<div class=\"elementor-container elementor-column-gap-default\">\n\t\t\t\t\t<div class=\"elementor-column elementor-col-100 elementor-top-column elementor-element elementor-element-4462c009\" data-id=\"4462c009\" data-element_type=\"column\" data-e-type=\"column\">\n\t\t\t<div class=\"elementor-widget-wrap elementor-element-populated\">\n\t\t\t\t\t\t<div class=\"elementor-element elementor-element-71068a25 elementor-align-center elementor-widget elementor-widget-button\" data-id=\"71068a25\" data-element_type=\"widget\" data-e-type=\"widget\" data-settings=\"{&quot;_animation_tablet&quot;:&quot;fadeIn&quot;,&quot;_animation_mobile&quot;:&quot;fadeIn&quot;}\" data-widget_type=\"button.default\">\n\t\t\t\t<div class=\"elementor-widget-container\">\n\t\t\t\t\t\t\t\t\t<div class=\"elementor-button-wrapper\">\n\t\t\t\t\t<a class=\"elementor-button elementor-button-link elementor-size-sm elementor-animation-shrink\" href=\"https:\/\/cceditors.ca\/fr\/what-is-new\/articles\/\">\n\t\t\t\t\t\t<span class=\"elementor-button-content-wrapper\">\n\t\t\t\t\t\t<span class=\"elementor-button-icon\">\n\t\t\t\t<i aria-hidden=\"true\" class=\"fas fa-chevron-left\"><\/i>\t\t\t<\/span>\n\t\t\t\t\t\t\t\t\t<span class=\"elementor-button-text\">Articles<\/span>\n\t\t\t\t\t<\/span>\n\t\t\t\t\t<\/a>\n\t\t\t\t<\/div>\n\t\t\t\t\t\t\t\t<\/div>\n\t\t\t\t<\/div>\n\t\t\t\t\t<\/div>\n\t\t<\/div>\n\t\t\t\t\t<\/div>\n\t\t<\/section>\n\t\t\t\t<\/div>","protected":false},"excerpt":{"rendered":"<p>Press Releases Articles<\/p>","protected":false},"author":3,"featured_media":0,"parent":33,"menu_order":0,"comment_status":"closed","ping_status":"closed","template":"elementor_header_footer","meta":{"pmpro_default_level":"","footnotes":""},"class_list":["post-378","page","type-page","status-publish","hentry","pmpro-has-access"],"yoast_head":"<!-- This site is optimized with the Yoast SEO plugin v27.5 - https:\/\/yoast.com\/product\/yoast-seo-wordpress\/ -->\n<title>Press Releases &#187; Canadian Cinema Editors \/ Les Monteurs et Monteuses de cin\u00e9ma canadien<\/title>\n<meta name=\"description\" content=\"CCE Press Releases announce across-Canada initiatives, major flagship events, sponsorship partnerships and etc...\" \/>\n<meta name=\"robots\" content=\"index, follow, max-snippet:-1, max-image-preview:large, max-video-preview:-1\" \/>\n<link rel=\"canonical\" href=\"https:\/\/cceditors.ca\/fr\/what-is-new\/press-releases\/\" \/>\n<meta property=\"og:locale\" content=\"fr_CA\" \/>\n<meta property=\"og:type\" content=\"article\" \/>\n<meta property=\"og:title\" content=\"Press Releases &#187; Canadian Cinema Editors \/ Les Monteurs et Monteuses de cin\u00e9ma canadien\" \/>\n<meta property=\"og:description\" content=\"CCE Press Releases announce across-Canada initiatives, major flagship events, sponsorship partnerships and etc...\" \/>\n<meta property=\"og:url\" content=\"https:\/\/cceditors.ca\/fr\/what-is-new\/press-releases\/\" \/>\n<meta property=\"og:site_name\" content=\"Canadian Cinema Editors \/ Les Monteurs et Monteuses de cin\u00e9ma canadien\" \/>\n<meta property=\"article:publisher\" content=\"https:\/\/www.facebook.com\/CCEditors\" \/>\n<meta property=\"article:modified_time\" content=\"2021-01-07T03:25:49+00:00\" \/>\n<meta name=\"twitter:card\" content=\"summary_large_image\" \/>\n<meta name=\"twitter:site\" content=\"@CCE_editors\" \/>\n<script type=\"application\/ld+json\" class=\"yoast-schema-graph\">{\"@context\":\"https:\\\/\\\/schema.org\",\"@graph\":[{\"@type\":\"WebPage\",\"@id\":\"https:\\\/\\\/cceditors.ca\\\/what-is-new\\\/press-releases\\\/\",\"url\":\"https:\\\/\\\/cceditors.ca\\\/what-is-new\\\/press-releases\\\/\",\"name\":\"Press Releases &#187; Canadian Cinema Editors \\\/ Les Monteurs et Monteuses de cin\u00e9ma canadien\",\"isPartOf\":{\"@id\":\"https:\\\/\\\/cceditors.ca\\\/fr\\\/#website\"},\"datePublished\":\"2020-09-17T16:14:58+00:00\",\"dateModified\":\"2021-01-07T03:25:49+00:00\",\"description\":\"CCE Press Releases announce across-Canada initiatives, major flagship events, sponsorship partnerships and etc...\",\"breadcrumb\":{\"@id\":\"https:\\\/\\\/cceditors.ca\\\/what-is-new\\\/press-releases\\\/#breadcrumb\"},\"inLanguage\":\"fr-CA\",\"potentialAction\":[{\"@type\":\"ReadAction\",\"target\":[\"https:\\\/\\\/cceditors.ca\\\/what-is-new\\\/press-releases\\\/\"]}]},{\"@type\":\"BreadcrumbList\",\"@id\":\"https:\\\/\\\/cceditors.ca\\\/what-is-new\\\/press-releases\\\/#breadcrumb\",\"itemListElement\":[{\"@type\":\"ListItem\",\"position\":1,\"name\":\"Home\",\"item\":\"https:\\\/\\\/cceditors.ca\\\/\"},{\"@type\":\"ListItem\",\"position\":2,\"name\":\"What Is New\",\"item\":\"https:\\\/\\\/cceditors.ca\\\/what-is-new\\\/\"},{\"@type\":\"ListItem\",\"position\":3,\"name\":\"Press Releases\"}]},{\"@type\":\"WebSite\",\"@id\":\"https:\\\/\\\/cceditors.ca\\\/fr\\\/#website\",\"url\":\"https:\\\/\\\/cceditors.ca\\\/fr\\\/\",\"name\":\"Canadian Cinema Editors \\\/ Les Monteurs et Monteuses de cin\u00e9ma canadien\",\"description\":\"The Canadian Cinema Editors aims to connect and promote editors across Canada\",\"potentialAction\":[{\"@type\":\"SearchAction\",\"target\":{\"@type\":\"EntryPoint\",\"urlTemplate\":\"https:\\\/\\\/cceditors.ca\\\/fr\\\/?s={search_term_string}\"},\"query-input\":{\"@type\":\"PropertyValueSpecification\",\"valueRequired\":true,\"valueName\":\"search_term_string\"}}],\"inLanguage\":\"fr-CA\"}]}<\/script>\n<!-- \/ Yoast SEO plugin. -->","yoast_head_json":{"title":"Press Releases &#187; Canadian Cinema Editors \/ Les Monteurs et Monteuses de cin\u00e9ma canadien","description":"CCE Press Releases announce across-Canada initiatives, major flagship events, sponsorship partnerships and etc...","robots":{"index":"index","follow":"follow","max-snippet":"max-snippet:-1","max-image-preview":"max-image-preview:large","max-video-preview":"max-video-preview:-1"},"canonical":"https:\/\/cceditors.ca\/fr\/what-is-new\/press-releases\/","og_locale":"fr_CA","og_type":"article","og_title":"Press Releases &#187; Canadian Cinema Editors \/ Les Monteurs et Monteuses de cin\u00e9ma canadien","og_description":"CCE Press Releases announce across-Canada initiatives, major flagship events, sponsorship partnerships and etc...","og_url":"https:\/\/cceditors.ca\/fr\/what-is-new\/press-releases\/","og_site_name":"Canadian Cinema Editors \/ Les Monteurs et Monteuses de cin\u00e9ma canadien","article_publisher":"https:\/\/www.facebook.com\/CCEditors","article_modified_time":"2021-01-07T03:25:49+00:00","twitter_card":"summary_large_image","twitter_site":"@CCE_editors","schema":{"@context":"https:\/\/schema.org","@graph":[{"@type":"WebPage","@id":"https:\/\/cceditors.ca\/what-is-new\/press-releases\/","url":"https:\/\/cceditors.ca\/what-is-new\/press-releases\/","name":"Press Releases &#187; Canadian Cinema Editors \/ Les Monteurs et Monteuses de cin\u00e9ma canadien","isPartOf":{"@id":"https:\/\/cceditors.ca\/fr\/#website"},"datePublished":"2020-09-17T16:14:58+00:00","dateModified":"2021-01-07T03:25:49+00:00","description":"CCE Press Releases announce across-Canada initiatives, major flagship events, sponsorship partnerships and etc...","breadcrumb":{"@id":"https:\/\/cceditors.ca\/what-is-new\/press-releases\/#breadcrumb"},"inLanguage":"fr-CA","potentialAction":[{"@type":"ReadAction","target":["https:\/\/cceditors.ca\/what-is-new\/press-releases\/"]}]},{"@type":"BreadcrumbList","@id":"https:\/\/cceditors.ca\/what-is-new\/press-releases\/#breadcrumb","itemListElement":[{"@type":"ListItem","position":1,"name":"Home","item":"https:\/\/cceditors.ca\/"},{"@type":"ListItem","position":2,"name":"What Is New","item":"https:\/\/cceditors.ca\/what-is-new\/"},{"@type":"ListItem","position":3,"name":"Press Releases"}]},{"@type":"WebSite","@id":"https:\/\/cceditors.ca\/fr\/#website","url":"https:\/\/cceditors.ca\/fr\/","name":"Canadian Cinema Editors \/ Les Monteurs et Monteuses de cin\u00e9ma canadien","description":"The Canadian Cinema Editors aims to connect and promote editors across Canada","potentialAction":[{"@type":"SearchAction","target":{"@type":"EntryPoint","urlTemplate":"https:\/\/cceditors.ca\/fr\/?s={search_term_string}"},"query-input":{"@type":"PropertyValueSpecification","valueRequired":true,"valueName":"search_term_string"}}],"inLanguage":"fr-CA"}]}},"_links":{"self":[{"href":"https:\/\/cceditors.ca\/fr\/wp-json\/wp\/v2\/pages\/378","targetHints":{"allow":["GET"]}}],"collection":[{"href":"https:\/\/cceditors.ca\/fr\/wp-json\/wp\/v2\/pages"}],"about":[{"href":"https:\/\/cceditors.ca\/fr\/wp-json\/wp\/v2\/types\/page"}],"author":[{"embeddable":true,"href":"https:\/\/cceditors.ca\/fr\/wp-json\/wp\/v2\/users\/3"}],"replies":[{"embeddable":true,"href":"https:\/\/cceditors.ca\/fr\/wp-json\/wp\/v2\/comments?post=378"}],"version-history":[{"count":0,"href":"https:\/\/cceditors.ca\/fr\/wp-json\/wp\/v2\/pages\/378\/revisions"}],"up":[{"embeddable":true,"href":"https:\/\/cceditors.ca\/fr\/wp-json\/wp\/v2\/pages\/33"}],"wp:attachment":[{"href":"https:\/\/cceditors.ca\/fr\/wp-json\/wp\/v2\/media?parent=378"}],"curies":[{"name":"wp","href":"https:\/\/api.w.org\/{rel}","templated":true}]}}