{"id":40687,"date":"2025-04-16T19:45:41","date_gmt":"2025-04-16T23:45:41","guid":{"rendered":"https:\/\/cceditors.ca\/?page_id=40687"},"modified":"2026-04-02T10:20:07","modified_gmt":"2026-04-02T14:20:07","slug":"member-hosting","status":"publish","type":"page","link":"https:\/\/cceditors.ca\/fr\/member-hosting\/","title":{"rendered":"Member Hosting Pilot Program"},"content":{"rendered":"<div data-elementor-type=\"wp-page\" data-elementor-id=\"40687\" class=\"elementor elementor-40687\" data-elementor-post-type=\"page\">\n\t\t\t\t\t\t<section class=\"elementor-section elementor-top-section elementor-element elementor-element-1b79ce4 elementor-section-boxed elementor-section-height-default elementor-section-height-default\" data-id=\"1b79ce4\" data-element_type=\"section\" data-e-type=\"section\">\n\t\t\t\t\t\t<div class=\"elementor-container elementor-column-gap-default\">\n\t\t\t\t\t<div class=\"elementor-column elementor-col-100 elementor-top-column elementor-element elementor-element-27838be\" data-id=\"27838be\" data-element_type=\"column\" data-e-type=\"column\">\n\t\t\t<div class=\"elementor-widget-wrap elementor-element-populated\">\n\t\t\t\t\t\t<div class=\"elementor-element elementor-element-ae274d8 elementor--h-position-center elementor--v-position-middle elementor-arrows-position-inside elementor-pagination-position-inside elementor-widget elementor-widget-slides\" data-id=\"ae274d8\" data-element_type=\"widget\" data-e-type=\"widget\" data-settings=\"{&quot;navigation&quot;:&quot;both&quot;,&quot;autoplay&quot;:&quot;yes&quot;,&quot;pause_on_hover&quot;:&quot;yes&quot;,&quot;pause_on_interaction&quot;:&quot;yes&quot;,&quot;autoplay_speed&quot;:5000,&quot;infinite&quot;:&quot;yes&quot;,&quot;transition&quot;:&quot;slide&quot;,&quot;transition_speed&quot;:500}\" data-widget_type=\"slides.default\">\n\t\t\t\t<div class=\"elementor-widget-container\">\n\t\t\t\t\t\t\t\t\t<div class=\"elementor-swiper\">\n\t\t\t\t\t<div class=\"elementor-slides-wrapper elementor-main-swiper swiper\" role=\"region\" aria-roledescription=\"carousel\" aria-label=\"Slides\" dir=\"ltr\" data-animation=\"fadeInUp\">\n\t\t\t\t<div class=\"swiper-wrapper elementor-slides\">\n\t\t\t\t\t\t\t\t\t\t<div class=\"elementor-repeater-item-3918dbe swiper-slide\" role=\"group\" aria-roledescription=\"slide\"><div class=\"swiper-slide-bg\" role=\"img\" aria-label=\"cardboard-house-with-heart-crayon-drawings-flatl-2026-03-26-11-42-52-utc\"><\/div><div class=\"swiper-slide-inner\" ><div class=\"swiper-slide-contents\"><div class=\"elementor-slide-heading\">PROGRAMME D\u2019ACCUEIL LORS DES PRIX<\/div><\/div><\/div><\/div>\t\t\t\t<\/div>\n\t\t\t\t\t\t\t<\/div>\n\t\t\t\t<\/div>\n\t\t\t\t\t\t\t\t<\/div>\n\t\t\t\t<\/div>\n\t\t\t\t\t<\/div>\n\t\t<\/div>\n\t\t\t\t\t<\/div>\n\t\t<\/section>\n\t\t\t\t<section class=\"elementor-section elementor-top-section elementor-element elementor-element-b4d9bb0 elementor-section-full_width elementor-section-height-default elementor-section-height-default\" data-id=\"b4d9bb0\" data-element_type=\"section\" data-e-type=\"section\" data-settings=\"{&quot;background_background&quot;:&quot;slideshow&quot;,&quot;background_slideshow_gallery&quot;:[],&quot;background_slideshow_loop&quot;:&quot;yes&quot;,&quot;background_slideshow_slide_duration&quot;:5000,&quot;background_slideshow_slide_transition&quot;:&quot;fade&quot;,&quot;background_slideshow_transition_duration&quot;:500}\">\n\t\t\t\t\t\t<div class=\"elementor-container elementor-column-gap-default\">\n\t\t\t\t\t<div class=\"elementor-column elementor-col-25 elementor-top-column elementor-element elementor-element-eec2cfa\" data-id=\"eec2cfa\" data-element_type=\"column\" data-e-type=\"column\">\n\t\t\t<div class=\"elementor-widget-wrap elementor-element-populated\">\n\t\t\t\t\t\t<div class=\"elementor-element elementor-element-7282a91 elementor-align-center elementor-widget elementor-widget-button\" data-id=\"7282a91\" data-element_type=\"widget\" data-e-type=\"widget\" data-widget_type=\"button.default\">\n\t\t\t\t<div class=\"elementor-widget-container\">\n\t\t\t\t\t\t\t\t\t<div class=\"elementor-button-wrapper\">\n\t\t\t\t\t<a class=\"elementor-button elementor-button-link elementor-size-sm elementor-animation-shrink\" href=\"https:\/\/forms.gle\/AXLZpdL2ukZNkFbX8\" target=\"_blank\">\n\t\t\t\t\t\t<span class=\"elementor-button-content-wrapper\">\n\t\t\t\t\t\t<span class=\"elementor-button-icon\">\n\t\t\t\t<i aria-hidden=\"true\" class=\"fab fa-wpforms\"><\/i>\t\t\t<\/span>\n\t\t\t\t\t\t\t\t\t<span class=\"elementor-button-text\">Formulaires d\u2019inscription pour les h\u00f4te\u00b7sses<\/span>\n\t\t\t\t\t<\/span>\n\t\t\t\t\t<\/a>\n\t\t\t\t<\/div>\n\t\t\t\t\t\t\t\t<\/div>\n\t\t\t\t<\/div>\n\t\t\t\t\t<\/div>\n\t\t<\/div>\n\t\t\t\t<div class=\"elementor-column elementor-col-25 elementor-top-column elementor-element elementor-element-ac63f4a\" data-id=\"ac63f4a\" data-element_type=\"column\" data-e-type=\"column\">\n\t\t\t<div class=\"elementor-widget-wrap elementor-element-populated\">\n\t\t\t\t\t\t<div class=\"elementor-element elementor-element-f50eeec elementor-align-center elementor-widget elementor-widget-button\" data-id=\"f50eeec\" data-element_type=\"widget\" data-e-type=\"widget\" data-widget_type=\"button.default\">\n\t\t\t\t<div class=\"elementor-widget-container\">\n\t\t\t\t\t\t\t\t\t<div class=\"elementor-button-wrapper\">\n\t\t\t\t\t<a class=\"elementor-button elementor-button-link elementor-size-sm elementor-animation-shrink\" href=\"https:\/\/forms.gle\/W5Vpvq8byPLzaTeWA\" target=\"_blank\">\n\t\t\t\t\t\t<span class=\"elementor-button-content-wrapper\">\n\t\t\t\t\t\t<span class=\"elementor-button-icon\">\n\t\t\t\t<i aria-hidden=\"true\" class=\"fab fa-wpforms\"><\/i>\t\t\t<\/span>\n\t\t\t\t\t\t\t\t\t<span class=\"elementor-button-text\">Formulaires d\u2019inscription pour les invit\u00e9\u00b7es<\/span>\n\t\t\t\t\t<\/span>\n\t\t\t\t\t<\/a>\n\t\t\t\t<\/div>\n\t\t\t\t\t\t\t\t<\/div>\n\t\t\t\t<\/div>\n\t\t\t\t\t<\/div>\n\t\t<\/div>\n\t\t\t\t<div class=\"elementor-column elementor-col-25 elementor-top-column elementor-element elementor-element-c81722c\" data-id=\"c81722c\" data-element_type=\"column\" data-e-type=\"column\">\n\t\t\t<div class=\"elementor-widget-wrap elementor-element-populated\">\n\t\t\t\t\t\t<div class=\"elementor-element elementor-element-4698b53 elementor-align-center elementor-widget elementor-widget-button\" data-id=\"4698b53\" data-element_type=\"widget\" data-e-type=\"widget\" data-widget_type=\"button.default\">\n\t\t\t\t<div class=\"elementor-widget-container\">\n\t\t\t\t\t\t\t\t\t<div class=\"elementor-button-wrapper\">\n\t\t\t\t\t<a class=\"elementor-button elementor-button-link elementor-size-sm elementor-animation-shrink\" href=\"https:\/\/cceditors.ca\/wp-content\/uploads\/CCE-Member-Hosting-Program-2026.pdf\" target=\"_blank\">\n\t\t\t\t\t\t<span class=\"elementor-button-content-wrapper\">\n\t\t\t\t\t\t<span class=\"elementor-button-icon\">\n\t\t\t\t<i aria-hidden=\"true\" class=\"far fa-file-pdf\"><\/i>\t\t\t<\/span>\n\t\t\t\t\t\t\t\t\t<span class=\"elementor-button-text\">Plus d\u2019informations<\/span>\n\t\t\t\t\t<\/span>\n\t\t\t\t\t<\/a>\n\t\t\t\t<\/div>\n\t\t\t\t\t\t\t\t<\/div>\n\t\t\t\t<\/div>\n\t\t\t\t\t<\/div>\n\t\t<\/div>\n\t\t\t\t<div class=\"elementor-column elementor-col-25 elementor-top-column elementor-element elementor-element-39476a1\" data-id=\"39476a1\" data-element_type=\"column\" data-e-type=\"column\">\n\t\t\t<div class=\"elementor-widget-wrap elementor-element-populated\">\n\t\t\t\t\t\t<div class=\"elementor-element elementor-element-f330878 elementor-align-center elementor-widget elementor-widget-button\" data-id=\"f330878\" data-element_type=\"widget\" data-e-type=\"widget\" data-widget_type=\"button.default\">\n\t\t\t\t<div class=\"elementor-widget-container\">\n\t\t\t\t\t\t\t\t\t<div class=\"elementor-button-wrapper\">\n\t\t\t\t\t<a class=\"elementor-button elementor-button-link elementor-size-sm elementor-animation-shrink\" href=\"https:\/\/cceditors.ca\/fr\/hostingquotes\/\" target=\"_blank\">\n\t\t\t\t\t\t<span class=\"elementor-button-content-wrapper\">\n\t\t\t\t\t\t<span class=\"elementor-button-icon\">\n\t\t\t\t<i aria-hidden=\"true\" class=\"far fa-comments\"><\/i>\t\t\t<\/span>\n\t\t\t\t\t\t\t\t\t<span class=\"elementor-button-text\">Quotes from our Hosting Program Participants\u200b<\/span>\n\t\t\t\t\t<\/span>\n\t\t\t\t\t<\/a>\n\t\t\t\t<\/div>\n\t\t\t\t\t\t\t\t<\/div>\n\t\t\t\t<\/div>\n\t\t\t\t\t<\/div>\n\t\t<\/div>\n\t\t\t\t\t<\/div>\n\t\t<\/section>\n\t\t\t\t<section class=\"elementor-section elementor-top-section elementor-element elementor-element-3e1112f6 elementor-section-boxed elementor-section-height-default elementor-section-height-default\" data-id=\"3e1112f6\" data-element_type=\"section\" data-e-type=\"section\" data-settings=\"{&quot;background_background&quot;:&quot;classic&quot;}\">\n\t\t\t\t\t\t<div class=\"elementor-container elementor-column-gap-default\">\n\t\t\t\t\t<div class=\"elementor-column elementor-col-100 elementor-top-column elementor-element elementor-element-47007470\" data-id=\"47007470\" data-element_type=\"column\" data-e-type=\"column\">\n\t\t\t<div class=\"elementor-widget-wrap elementor-element-populated\">\n\t\t\t\t\t\t<div class=\"elementor-element elementor-element-63bf6319 elementor-widget elementor-widget-text-editor\" data-id=\"63bf6319\" data-element_type=\"widget\" data-e-type=\"widget\" data-widget_type=\"text-editor.default\">\n\t\t\t\t<div class=\"elementor-widget-container\">\n\t\t\t\t\t\t\t\t\t<p><b>Aimeriez-vous aider un ou une coll\u00e8gue?<\/b><\/p><p><span style=\"font-weight: 400;\">Si vous vivez dans la r\u00e9gion de Toronto et que vous avez l\u2019espace chez vous (comme une chambre d\u2019amis, un divan-lit, un matelas gonflable, etc.), alors notre Programme d\u2019accueil aux prix CCE est peut-\u00eatre pour vous!<\/span><\/p><p><span style=\"font-weight: 400;\">Avec les co\u00fbts toujours croissants des d\u00e9placements et de l\u2019h\u00e9bergement, plusieurs membres trouvent difficile de venir assister \u00e0 la remise des prix, m\u00eame quand leur projet est en nomination. Le CCE veut donc d\u00e9marrer un projet pilote qui facilitera l\u2019acc\u00e8s des membres de partout au pays \u00e0 cet \u00e9v\u00e9nement. <\/span><\/p><p><span style=\"font-weight: 400;\">Nous sommes \u00e0 la recherche de membres bas\u00e9\u00b7es \u00e0 Toronto qui seraient pr\u00eat\u00b7es \u00e0 accueillir des invit\u00e9\u00b7es dans leur demeure pour une nuit ou deux \u00e0 l\u2019occasion de la remise des prix CCE. La 16e remise de prix aura lieu le <strong>22 mai 2026<\/strong> \u00e0 l\u2019h\u00f4tel Delta du centre-ville de Toronto.\u00a0<\/span><\/p>\t\t\t\t\t\t\t\t<\/div>\n\t\t\t\t<\/div>\n\t\t\t\t\t<\/div>\n\t\t<\/div>\n\t\t\t\t\t<\/div>\n\t\t<\/section>\n\t\t\t\t<section class=\"elementor-section elementor-top-section elementor-element elementor-element-2670ed82 elementor-section-boxed elementor-section-height-default elementor-section-height-default\" data-id=\"2670ed82\" data-element_type=\"section\" data-e-type=\"section\" data-settings=\"{&quot;background_background&quot;:&quot;classic&quot;,&quot;shape_divider_top&quot;:&quot;opacity-tilt&quot;,&quot;shape_divider_bottom&quot;:&quot;opacity-tilt&quot;}\">\n\t\t\t\t\t<div class=\"elementor-shape elementor-shape-top\" aria-hidden=\"true\" data-negative=\"false\">\n\t\t\t<svg xmlns=\"http:\/\/www.w3.org\/2000\/svg\" viewbox=\"0 0 2600 131.1\" preserveaspectratio=\"none\">\n\t<path class=\"elementor-shape-fill\" d=\"M0 0L2600 0 2600 69.1 0 0z\"\/>\n\t<path class=\"elementor-shape-fill\" style=\"opacity:0.5\" d=\"M0 0L2600 0 2600 69.1 0 69.1z\"\/>\n\t<path class=\"elementor-shape-fill\" style=\"opacity:0.25\" d=\"M2600 0L0 0 0 130.1 2600 69.1z\"\/>\n<\/svg>\t\t<\/div>\n\t\t\t\t<div class=\"elementor-shape elementor-shape-bottom\" aria-hidden=\"true\" data-negative=\"false\">\n\t\t\t<svg xmlns=\"http:\/\/www.w3.org\/2000\/svg\" viewbox=\"0 0 2600 131.1\" preserveaspectratio=\"none\">\n\t<path class=\"elementor-shape-fill\" d=\"M0 0L2600 0 2600 69.1 0 0z\"\/>\n\t<path class=\"elementor-shape-fill\" style=\"opacity:0.5\" d=\"M0 0L2600 0 2600 69.1 0 69.1z\"\/>\n\t<path class=\"elementor-shape-fill\" style=\"opacity:0.25\" d=\"M2600 0L0 0 0 130.1 2600 69.1z\"\/>\n<\/svg>\t\t<\/div>\n\t\t\t\t\t<div class=\"elementor-container elementor-column-gap-default\">\n\t\t\t\t\t<div class=\"elementor-column elementor-col-100 elementor-top-column elementor-element elementor-element-285eda6b\" data-id=\"285eda6b\" data-element_type=\"column\" data-e-type=\"column\">\n\t\t\t<div class=\"elementor-widget-wrap\">\n\t\t\t\t\t\t\t<\/div>\n\t\t<\/div>\n\t\t\t\t\t<\/div>\n\t\t<\/section>\n\t\t\t\t<\/div>","protected":false},"excerpt":{"rendered":"<p>CCE AWARDS HOSTING PROGRAM Host Application Guest Application More Information Quotes from our Hosting Program Participants\u200b Do you want to help out a fellow editor? If you live in the Toronto area and have some extra space in your home (such as a spare bedroom, pull-out couch, blow-up mattress, etc.), then our CCE Awards Hosting [&hellip;]<\/p>\n","protected":false},"author":853,"featured_media":0,"parent":0,"menu_order":0,"comment_status":"closed","ping_status":"closed","template":"","meta":{"pmpro_default_level":"","footnotes":""},"class_list":["post-40687","page","type-page","status-publish","hentry","pmpro-has-access"],"yoast_head":"<!-- This site is optimized with the Yoast SEO plugin v27.5 - https:\/\/yoast.com\/product\/yoast-seo-wordpress\/ -->\n<title>Member Hosting Pilot Program &#187; Canadian Cinema Editors \/ Les Monteurs et Monteuses de cin\u00e9ma canadien<\/title>\n<meta name=\"robots\" content=\"index, follow, max-snippet:-1, max-image-preview:large, max-video-preview:-1\" \/>\n<link rel=\"canonical\" href=\"https:\/\/cceditors.ca\/fr\/member-hosting\/\" \/>\n<meta property=\"og:locale\" content=\"fr_CA\" \/>\n<meta property=\"og:type\" content=\"article\" \/>\n<meta property=\"og:title\" content=\"Member Hosting Pilot Program &#187; Canadian Cinema Editors \/ Les Monteurs et Monteuses de cin\u00e9ma canadien\" \/>\n<meta property=\"og:description\" content=\"CCE AWARDS HOSTING PROGRAM Host Application Guest Application More Information Quotes from our Hosting Program Participants\u200b Do you want to help out a fellow editor? If you live in the Toronto area and have some extra space in your home (such as a spare bedroom, pull-out couch, blow-up mattress, etc.), then our CCE Awards Hosting [&hellip;]\" \/>\n<meta property=\"og:url\" content=\"https:\/\/cceditors.ca\/fr\/member-hosting\/\" \/>\n<meta property=\"og:site_name\" content=\"Canadian Cinema Editors \/ Les Monteurs et Monteuses de cin\u00e9ma canadien\" \/>\n<meta property=\"article:publisher\" content=\"https:\/\/www.facebook.com\/CCEditors\" \/>\n<meta property=\"article:modified_time\" content=\"2026-04-02T14:20:07+00:00\" \/>\n<meta name=\"twitter:card\" content=\"summary_large_image\" \/>\n<meta name=\"twitter:site\" content=\"@CCE_editors\" \/>\n<meta name=\"twitter:label1\" content=\"Estimation du temps de lecture\" \/>\n\t<meta name=\"twitter:data1\" content=\"1 minute\" \/>\n<script type=\"application\/ld+json\" class=\"yoast-schema-graph\">{\"@context\":\"https:\\\/\\\/schema.org\",\"@graph\":[{\"@type\":\"WebPage\",\"@id\":\"https:\\\/\\\/cceditors.ca\\\/member-hosting\\\/\",\"url\":\"https:\\\/\\\/cceditors.ca\\\/member-hosting\\\/\",\"name\":\"Member Hosting Pilot Program &#187; Canadian Cinema Editors \\\/ Les Monteurs et Monteuses de cin\u00e9ma canadien\",\"isPartOf\":{\"@id\":\"https:\\\/\\\/cceditors.ca\\\/fr\\\/#website\"},\"datePublished\":\"2025-04-16T23:45:41+00:00\",\"dateModified\":\"2026-04-02T14:20:07+00:00\",\"breadcrumb\":{\"@id\":\"https:\\\/\\\/cceditors.ca\\\/member-hosting\\\/#breadcrumb\"},\"inLanguage\":\"fr-CA\",\"potentialAction\":[{\"@type\":\"ReadAction\",\"target\":[\"https:\\\/\\\/cceditors.ca\\\/member-hosting\\\/\"]}]},{\"@type\":\"BreadcrumbList\",\"@id\":\"https:\\\/\\\/cceditors.ca\\\/member-hosting\\\/#breadcrumb\",\"itemListElement\":[{\"@type\":\"ListItem\",\"position\":1,\"name\":\"Home\",\"item\":\"https:\\\/\\\/cceditors.ca\\\/\"},{\"@type\":\"ListItem\",\"position\":2,\"name\":\"Member Hosting Pilot Program\"}]},{\"@type\":\"WebSite\",\"@id\":\"https:\\\/\\\/cceditors.ca\\\/fr\\\/#website\",\"url\":\"https:\\\/\\\/cceditors.ca\\\/fr\\\/\",\"name\":\"Canadian Cinema Editors \\\/ Les Monteurs et Monteuses de cin\u00e9ma canadien\",\"description\":\"The Canadian Cinema Editors aims to connect and promote editors across Canada\",\"potentialAction\":[{\"@type\":\"SearchAction\",\"target\":{\"@type\":\"EntryPoint\",\"urlTemplate\":\"https:\\\/\\\/cceditors.ca\\\/fr\\\/?s={search_term_string}\"},\"query-input\":{\"@type\":\"PropertyValueSpecification\",\"valueRequired\":true,\"valueName\":\"search_term_string\"}}],\"inLanguage\":\"fr-CA\"}]}<\/script>\n<!-- \/ Yoast SEO plugin. -->","yoast_head_json":{"title":"Member Hosting Pilot Program &#187; Canadian Cinema Editors \/ Les Monteurs et Monteuses de cin\u00e9ma canadien","robots":{"index":"index","follow":"follow","max-snippet":"max-snippet:-1","max-image-preview":"max-image-preview:large","max-video-preview":"max-video-preview:-1"},"canonical":"https:\/\/cceditors.ca\/fr\/member-hosting\/","og_locale":"fr_CA","og_type":"article","og_title":"Member Hosting Pilot Program &#187; Canadian Cinema Editors \/ Les Monteurs et Monteuses de cin\u00e9ma canadien","og_description":"CCE AWARDS HOSTING PROGRAM Host Application Guest Application More Information Quotes from our Hosting Program Participants\u200b Do you want to help out a fellow editor? If you live in the Toronto area and have some extra space in your home (such as a spare bedroom, pull-out couch, blow-up mattress, etc.), then our CCE Awards Hosting [&hellip;]","og_url":"https:\/\/cceditors.ca\/fr\/member-hosting\/","og_site_name":"Canadian Cinema Editors \/ Les Monteurs et Monteuses de cin\u00e9ma canadien","article_publisher":"https:\/\/www.facebook.com\/CCEditors","article_modified_time":"2026-04-02T14:20:07+00:00","twitter_card":"summary_large_image","twitter_site":"@CCE_editors","twitter_misc":{"Estimation du temps de lecture":"1 minute"},"schema":{"@context":"https:\/\/schema.org","@graph":[{"@type":"WebPage","@id":"https:\/\/cceditors.ca\/member-hosting\/","url":"https:\/\/cceditors.ca\/member-hosting\/","name":"Member Hosting Pilot Program &#187; Canadian Cinema Editors \/ Les Monteurs et Monteuses de cin\u00e9ma canadien","isPartOf":{"@id":"https:\/\/cceditors.ca\/fr\/#website"},"datePublished":"2025-04-16T23:45:41+00:00","dateModified":"2026-04-02T14:20:07+00:00","breadcrumb":{"@id":"https:\/\/cceditors.ca\/member-hosting\/#breadcrumb"},"inLanguage":"fr-CA","potentialAction":[{"@type":"ReadAction","target":["https:\/\/cceditors.ca\/member-hosting\/"]}]},{"@type":"BreadcrumbList","@id":"https:\/\/cceditors.ca\/member-hosting\/#breadcrumb","itemListElement":[{"@type":"ListItem","position":1,"name":"Home","item":"https:\/\/cceditors.ca\/"},{"@type":"ListItem","position":2,"name":"Member Hosting Pilot Program"}]},{"@type":"WebSite","@id":"https:\/\/cceditors.ca\/fr\/#website","url":"https:\/\/cceditors.ca\/fr\/","name":"Canadian Cinema Editors \/ Les Monteurs et Monteuses de cin\u00e9ma canadien","description":"The Canadian Cinema Editors aims to connect and promote editors across Canada","potentialAction":[{"@type":"SearchAction","target":{"@type":"EntryPoint","urlTemplate":"https:\/\/cceditors.ca\/fr\/?s={search_term_string}"},"query-input":{"@type":"PropertyValueSpecification","valueRequired":true,"valueName":"search_term_string"}}],"inLanguage":"fr-CA"}]}},"_links":{"self":[{"href":"https:\/\/cceditors.ca\/fr\/wp-json\/wp\/v2\/pages\/40687","targetHints":{"allow":["GET"]}}],"collection":[{"href":"https:\/\/cceditors.ca\/fr\/wp-json\/wp\/v2\/pages"}],"about":[{"href":"https:\/\/cceditors.ca\/fr\/wp-json\/wp\/v2\/types\/page"}],"author":[{"embeddable":true,"href":"https:\/\/cceditors.ca\/fr\/wp-json\/wp\/v2\/users\/853"}],"replies":[{"embeddable":true,"href":"https:\/\/cceditors.ca\/fr\/wp-json\/wp\/v2\/comments?post=40687"}],"version-history":[{"count":97,"href":"https:\/\/cceditors.ca\/fr\/wp-json\/wp\/v2\/pages\/40687\/revisions"}],"predecessor-version":[{"id":47191,"href":"https:\/\/cceditors.ca\/fr\/wp-json\/wp\/v2\/pages\/40687\/revisions\/47191"}],"wp:attachment":[{"href":"https:\/\/cceditors.ca\/fr\/wp-json\/wp\/v2\/media?parent=40687"}],"curies":[{"name":"wp","href":"https:\/\/api.w.org\/{rel}","templated":true}]}}