{"id":46,"date":"2020-09-10T13:16:35","date_gmt":"2020-09-10T13:16:35","guid":{"rendered":"http:\/\/cceditor.mywhc.ca\/?page_id=46"},"modified":"2026-01-27T17:57:22","modified_gmt":"2026-01-27T22:57:22","slug":"become-a-sponsor","status":"publish","type":"page","link":"https:\/\/cceditors.ca\/fr\/who-we-are\/become-a-sponsor\/","title":{"rendered":"Devenez commanditaire"},"content":{"rendered":"<div data-elementor-type=\"wp-page\" data-elementor-id=\"46\" class=\"elementor elementor-46\" data-elementor-post-type=\"page\">\n\t\t\t\t\t\t<section class=\"elementor-section elementor-top-section elementor-element elementor-element-3e4b5819 elementor-section-boxed elementor-section-height-default elementor-section-height-default\" data-id=\"3e4b5819\" data-element_type=\"section\" data-e-type=\"section\">\n\t\t\t\t\t\t<div class=\"elementor-container elementor-column-gap-default\">\n\t\t\t\t\t<div class=\"elementor-column elementor-col-100 elementor-top-column elementor-element elementor-element-4160c43b\" data-id=\"4160c43b\" data-element_type=\"column\" data-e-type=\"column\">\n\t\t\t<div class=\"elementor-widget-wrap elementor-element-populated\">\n\t\t\t\t\t\t<div class=\"elementor-element elementor-element-2b29dafc elementor-widget elementor-widget-heading\" data-id=\"2b29dafc\" data-element_type=\"widget\" data-e-type=\"widget\" data-settings=\"{&quot;_animation&quot;:&quot;none&quot;}\" data-widget_type=\"heading.default\">\n\t\t\t\t<div class=\"elementor-widget-container\">\n\t\t\t\t\t<h1 class=\"elementor-heading-title elementor-size-default\">Devenez commanditaire<\/h1>\t\t\t\t<\/div>\n\t\t\t\t<\/div>\n\t\t\t\t\t<\/div>\n\t\t<\/div>\n\t\t\t\t\t<\/div>\n\t\t<\/section>\n\t\t\t\t<section class=\"elementor-section elementor-top-section elementor-element elementor-element-e41812d elementor-section-boxed elementor-section-height-default elementor-section-height-default\" data-id=\"e41812d\" data-element_type=\"section\" data-e-type=\"section\" data-settings=\"{&quot;background_background&quot;:&quot;classic&quot;,&quot;shape_divider_top&quot;:&quot;opacity-tilt&quot;,&quot;shape_divider_bottom&quot;:&quot;opacity-tilt&quot;}\">\n\t\t\t\t\t<div class=\"elementor-shape elementor-shape-top\" aria-hidden=\"true\" data-negative=\"false\">\n\t\t\t<svg xmlns=\"http:\/\/www.w3.org\/2000\/svg\" viewbox=\"0 0 2600 131.1\" preserveaspectratio=\"none\">\n\t<path class=\"elementor-shape-fill\" d=\"M0 0L2600 0 2600 69.1 0 0z\"\/>\n\t<path class=\"elementor-shape-fill\" style=\"opacity:0.5\" d=\"M0 0L2600 0 2600 69.1 0 69.1z\"\/>\n\t<path class=\"elementor-shape-fill\" style=\"opacity:0.25\" d=\"M2600 0L0 0 0 130.1 2600 69.1z\"\/>\n<\/svg>\t\t<\/div>\n\t\t\t\t<div class=\"elementor-shape elementor-shape-bottom\" aria-hidden=\"true\" data-negative=\"false\">\n\t\t\t<svg xmlns=\"http:\/\/www.w3.org\/2000\/svg\" viewbox=\"0 0 2600 131.1\" preserveaspectratio=\"none\">\n\t<path class=\"elementor-shape-fill\" d=\"M0 0L2600 0 2600 69.1 0 0z\"\/>\n\t<path class=\"elementor-shape-fill\" style=\"opacity:0.5\" d=\"M0 0L2600 0 2600 69.1 0 69.1z\"\/>\n\t<path class=\"elementor-shape-fill\" style=\"opacity:0.25\" d=\"M2600 0L0 0 0 130.1 2600 69.1z\"\/>\n<\/svg>\t\t<\/div>\n\t\t\t\t\t<div class=\"elementor-container elementor-column-gap-default\">\n\t\t\t\t\t<div class=\"elementor-column elementor-col-100 elementor-top-column elementor-element elementor-element-fd7eaf2\" data-id=\"fd7eaf2\" data-element_type=\"column\" data-e-type=\"column\">\n\t\t\t<div class=\"elementor-widget-wrap elementor-element-populated\">\n\t\t\t\t\t\t\t<\/div>\n\t\t<\/div>\n\t\t\t\t\t<\/div>\n\t\t<\/section>\n\t\t\t\t<section class=\"elementor-section elementor-top-section elementor-element elementor-element-40dbfa0 elementor-section-boxed elementor-section-height-default elementor-section-height-default\" data-id=\"40dbfa0\" data-element_type=\"section\" data-e-type=\"section\">\n\t\t\t\t\t\t<div class=\"elementor-container elementor-column-gap-default\">\n\t\t\t\t\t<div class=\"elementor-column elementor-col-100 elementor-top-column elementor-element elementor-element-f2905d5\" data-id=\"f2905d5\" data-element_type=\"column\" data-e-type=\"column\">\n\t\t\t<div class=\"elementor-widget-wrap elementor-element-populated\">\n\t\t\t\t\t\t<div class=\"elementor-element elementor-element-2c46cf0 elementor-widget elementor-widget-heading\" data-id=\"2c46cf0\" data-element_type=\"widget\" data-e-type=\"widget\" data-settings=\"{&quot;_animation&quot;:&quot;none&quot;,&quot;_animation_tablet&quot;:&quot;none&quot;}\" data-widget_type=\"heading.default\">\n\t\t\t\t<div class=\"elementor-widget-container\">\n\t\t\t\t\t<h2 class=\"elementor-heading-title elementor-size-default\">Merci de votre int\u00e9r\u00eat pour le CCE! <\/h2>\t\t\t\t<\/div>\n\t\t\t\t<\/div>\n\t\t\t\t<div class=\"elementor-element elementor-element-dd253f4 elementor-align-center elementor-widget elementor-widget-button\" data-id=\"dd253f4\" data-element_type=\"widget\" data-e-type=\"widget\" data-settings=\"{&quot;_animation&quot;:&quot;none&quot;}\" data-widget_type=\"button.default\">\n\t\t\t\t<div class=\"elementor-widget-container\">\n\t\t\t\t\t\t\t\t\t<div class=\"elementor-button-wrapper\">\n\t\t\t\t\t<a class=\"elementor-button elementor-button-link elementor-size-sm elementor-animation-shrink\" href=\"https:\/\/cceditors.ca\/fr\/sponsorship\/\" target=\"_blank\">\n\t\t\t\t\t\t<span class=\"elementor-button-content-wrapper\">\n\t\t\t\t\t\t<span class=\"elementor-button-icon\">\n\t\t\t\t<i aria-hidden=\"true\" class=\"far fa-clone\"><\/i>\t\t\t<\/span>\n\t\t\t\t\t\t\t\t\t<span class=\"elementor-button-text\">Sponsorship Opportunities 2026<\/span>\n\t\t\t\t\t<\/span>\n\t\t\t\t\t<\/a>\n\t\t\t\t<\/div>\n\t\t\t\t\t\t\t\t<\/div>\n\t\t\t\t<\/div>\n\t\t\t\t<div class=\"elementor-element elementor-element-d1956f5 elementor-widget elementor-widget-text-editor\" data-id=\"d1956f5\" data-element_type=\"widget\" data-e-type=\"widget\" data-settings=\"{&quot;_animation&quot;:&quot;none&quot;}\" data-widget_type=\"text-editor.default\">\n\t\t\t\t<div class=\"elementor-widget-container\">\n\t\t\t\t\t\t\t\t\t<p>Depuis sa fondation en 2007, le CCE est devenu une association effervescente qui compte plus de 500 membres partout au Canada. Ann\u00e9e apr\u00e8s ann\u00e9e, nous rassemblons la communaut\u00e9 des monteur.euse.s, des assistant.e.s-monteur.euse.s, des superviseur.e.s de postproduction, des \u00e9tudiant.e.s et autres artisans du cin\u00e9ma pour apprendre, r\u00e9seauter et c\u00e9l\u00e9brer les succ\u00e8s remarquables du cin\u00e9ma canadien. Le CCE se voue \u00e0 soutenir et \u00e0 honorer nos talents de classe mondiale dans le domaine montage, ce qui vient renforcer la dynamique communaut\u00e9 de la postproduction au Canada et contribue \u00e0 promouvoir plus largement l\u2019industrie du cin\u00e9ma \u00e0 l\u2019\u00e9chelle locale et internationale. Le CCE est fier d\u2019\u00e9tablir des partenariats avec des acteurs de l\u2019industrie de partout au Canada afin de rendre possibles nos \u00e9v\u00e9nements et nos initiatives.<\/p>\t\t\t\t\t\t\t\t<\/div>\n\t\t\t\t<\/div>\n\t\t\t\t<div class=\"elementor-element elementor-element-8ff368f elementor-widget elementor-widget-text-editor\" data-id=\"8ff368f\" data-element_type=\"widget\" data-e-type=\"widget\" data-settings=\"{&quot;_animation&quot;:&quot;none&quot;}\" data-widget_type=\"text-editor.default\">\n\t\t\t\t<div class=\"elementor-widget-container\">\n\t\t\t\t\t\t\t\t\t<h2 style=\"text-align: left; letter-spacing: -0.2625px;\">Vous voulez en savoir plus ?&nbsp;<\/h2>\n<p style=\"text-align: left; letter-spacing: -0.2625px;\">&nbsp;Courriel Alison -&nbsp;<a style=\"transition-property: all; letter-spacing: -0.015em;\" href=\"mailto:alison@cceditors.ca\" target=\"_blank\" rel=\"noopener\">alison@cceditors.ca<\/a><\/p>\t\t\t\t\t\t\t\t<\/div>\n\t\t\t\t<\/div>\n\t\t\t\t<div class=\"elementor-element elementor-element-e4e644a elementor-widget elementor-widget-spacer\" data-id=\"e4e644a\" data-element_type=\"widget\" data-e-type=\"widget\" data-widget_type=\"spacer.default\">\n\t\t\t\t<div class=\"elementor-widget-container\">\n\t\t\t\t\t\t\t<div class=\"elementor-spacer\">\n\t\t\t<div class=\"elementor-spacer-inner\"><\/div>\n\t\t<\/div>\n\t\t\t\t\t\t<\/div>\n\t\t\t\t<\/div>\n\t\t\t\t\t<\/div>\n\t\t<\/div>\n\t\t\t\t\t<\/div>\n\t\t<\/section>\n\t\t\t\t<section class=\"elementor-section elementor-top-section elementor-element elementor-element-3a3f1c60 elementor-section-boxed elementor-section-height-default elementor-section-height-default\" data-id=\"3a3f1c60\" data-element_type=\"section\" data-e-type=\"section\" data-settings=\"{&quot;background_background&quot;:&quot;classic&quot;}\">\n\t\t\t\t\t\t<div class=\"elementor-container elementor-column-gap-default\">\n\t\t\t\t\t<div class=\"elementor-column elementor-col-50 elementor-top-column elementor-element elementor-element-49e9e0fb\" data-id=\"49e9e0fb\" data-element_type=\"column\" data-e-type=\"column\">\n\t\t\t<div class=\"elementor-widget-wrap elementor-element-populated\">\n\t\t\t\t\t\t<div class=\"elementor-element elementor-element-3a92cd50 elementor-align-center elementor-mobile-align-center elementor-tablet-align-center elementor-widget elementor-widget-button\" data-id=\"3a92cd50\" data-element_type=\"widget\" data-e-type=\"widget\" data-settings=\"{&quot;_animation&quot;:&quot;none&quot;}\" data-widget_type=\"button.default\">\n\t\t\t\t<div class=\"elementor-widget-container\">\n\t\t\t\t\t\t\t\t\t<div class=\"elementor-button-wrapper\">\n\t\t\t\t\t<a class=\"elementor-button elementor-button-link elementor-size-sm elementor-animation-shrink\" href=\"https:\/\/cceditors.ca\/fr\/who-we-are\/our-sponsors\/\">\n\t\t\t\t\t\t<span class=\"elementor-button-content-wrapper\">\n\t\t\t\t\t\t<span class=\"elementor-button-icon\">\n\t\t\t\t<i aria-hidden=\"true\" class=\"fas fa-chevron-left\"><\/i>\t\t\t<\/span>\n\t\t\t\t\t\t\t\t\t<span class=\"elementor-button-text\">Nos commanditaires<\/span>\n\t\t\t\t\t<\/span>\n\t\t\t\t\t<\/a>\n\t\t\t\t<\/div>\n\t\t\t\t\t\t\t\t<\/div>\n\t\t\t\t<\/div>\n\t\t\t\t\t<\/div>\n\t\t<\/div>\n\t\t\t\t<div class=\"elementor-column elementor-col-50 elementor-top-column elementor-element elementor-element-525ae605\" data-id=\"525ae605\" data-element_type=\"column\" data-e-type=\"column\">\n\t\t\t<div class=\"elementor-widget-wrap elementor-element-populated\">\n\t\t\t\t\t\t<div class=\"elementor-element elementor-element-2964ad5 elementor-align-center elementor-widget elementor-widget-button\" data-id=\"2964ad5\" data-element_type=\"widget\" data-e-type=\"widget\" data-settings=\"{&quot;_animation&quot;:&quot;none&quot;}\" data-widget_type=\"button.default\">\n\t\t\t\t<div class=\"elementor-widget-container\">\n\t\t\t\t\t\t\t\t\t<div class=\"elementor-button-wrapper\">\n\t\t\t\t\t<a class=\"elementor-button elementor-button-link elementor-size-sm elementor-animation-shrink\" href=\"https:\/\/cceditors.ca\/fr\/who-we-are\/community-partners\/\">\n\t\t\t\t\t\t<span class=\"elementor-button-content-wrapper\">\n\t\t\t\t\t\t<span class=\"elementor-button-icon\">\n\t\t\t\t<i aria-hidden=\"true\" class=\"fas fa-chevron-right\"><\/i>\t\t\t<\/span>\n\t\t\t\t\t\t\t\t\t<span class=\"elementor-button-text\">Community Partner<\/span>\n\t\t\t\t\t<\/span>\n\t\t\t\t\t<\/a>\n\t\t\t\t<\/div>\n\t\t\t\t\t\t\t\t<\/div>\n\t\t\t\t<\/div>\n\t\t\t\t\t<\/div>\n\t\t<\/div>\n\t\t\t\t\t<\/div>\n\t\t<\/section>\n\t\t\t\t<\/div>","protected":false},"excerpt":{"rendered":"<p>Become a Sponsor Thank you for your interest in the CCE! Sponsorship Opportunities 2026 Since its founding in 2007, the CCE has grown into an exciting association with over 600 members across Canada. Throughout the year, we bring together the community of editors, assistant editors, post supervisors, students and other filmmakers to learn, network, and [&hellip;]<\/p>\n","protected":false},"author":3,"featured_media":0,"parent":29,"menu_order":0,"comment_status":"closed","ping_status":"closed","template":"elementor_header_footer","meta":{"pmpro_default_level":"","footnotes":""},"class_list":["post-46","page","type-page","status-publish","hentry","pmpro-has-access"],"yoast_head":"<!-- This site is optimized with the Yoast SEO plugin v27.5 - https:\/\/yoast.com\/product\/yoast-seo-wordpress\/ -->\n<title>Become a Sponsor &#187; Canadian Cinema Editors \/ Les Monteurs et Monteuses de cin\u00e9ma canadien<\/title>\n<meta name=\"description\" content=\"We are currently developing partnerships. Please download our Sponsorship Brochure for more information on the opportunities available.\" \/>\n<meta name=\"robots\" content=\"index, follow, max-snippet:-1, max-image-preview:large, max-video-preview:-1\" \/>\n<link rel=\"canonical\" href=\"https:\/\/cceditors.ca\/fr\/who-we-are\/become-a-sponsor\/\" \/>\n<meta property=\"og:locale\" content=\"fr_CA\" \/>\n<meta property=\"og:type\" content=\"article\" \/>\n<meta property=\"og:title\" content=\"Become a Sponsor &#187; Canadian Cinema Editors \/ Les Monteurs et Monteuses de cin\u00e9ma canadien\" \/>\n<meta property=\"og:description\" content=\"We are currently developing partnerships. Please download our Sponsorship Brochure for more information on the opportunities available.\" \/>\n<meta property=\"og:url\" content=\"https:\/\/cceditors.ca\/fr\/who-we-are\/become-a-sponsor\/\" \/>\n<meta property=\"og:site_name\" content=\"Canadian Cinema Editors \/ Les Monteurs et Monteuses de cin\u00e9ma canadien\" \/>\n<meta property=\"article:publisher\" content=\"https:\/\/www.facebook.com\/CCEditors\" \/>\n<meta property=\"article:modified_time\" content=\"2026-01-27T22:57:22+00:00\" \/>\n<meta name=\"twitter:card\" content=\"summary_large_image\" \/>\n<meta name=\"twitter:site\" content=\"@CCE_editors\" \/>\n<meta name=\"twitter:label1\" content=\"Estimation du temps de lecture\" \/>\n\t<meta name=\"twitter:data1\" content=\"1 minute\" \/>\n<script type=\"application\/ld+json\" class=\"yoast-schema-graph\">{\"@context\":\"https:\\\/\\\/schema.org\",\"@graph\":[{\"@type\":\"WebPage\",\"@id\":\"https:\\\/\\\/cceditors.ca\\\/who-we-are\\\/become-a-sponsor\\\/\",\"url\":\"https:\\\/\\\/cceditors.ca\\\/who-we-are\\\/become-a-sponsor\\\/\",\"name\":\"Become a Sponsor &#187; Canadian Cinema Editors \\\/ Les Monteurs et Monteuses de cin\u00e9ma canadien\",\"isPartOf\":{\"@id\":\"https:\\\/\\\/cceditors.ca\\\/fr\\\/#website\"},\"datePublished\":\"2020-09-10T13:16:35+00:00\",\"dateModified\":\"2026-01-27T22:57:22+00:00\",\"description\":\"We are currently developing partnerships. Please download our Sponsorship Brochure for more information on the opportunities available.\",\"breadcrumb\":{\"@id\":\"https:\\\/\\\/cceditors.ca\\\/who-we-are\\\/become-a-sponsor\\\/#breadcrumb\"},\"inLanguage\":\"fr-CA\",\"potentialAction\":[{\"@type\":\"ReadAction\",\"target\":[\"https:\\\/\\\/cceditors.ca\\\/who-we-are\\\/become-a-sponsor\\\/\"]}]},{\"@type\":\"BreadcrumbList\",\"@id\":\"https:\\\/\\\/cceditors.ca\\\/who-we-are\\\/become-a-sponsor\\\/#breadcrumb\",\"itemListElement\":[{\"@type\":\"ListItem\",\"position\":1,\"name\":\"Home\",\"item\":\"https:\\\/\\\/cceditors.ca\\\/\"},{\"@type\":\"ListItem\",\"position\":2,\"name\":\"Who We Are\",\"item\":\"https:\\\/\\\/cceditors.ca\\\/who-we-are\\\/\"},{\"@type\":\"ListItem\",\"position\":3,\"name\":\"Become a Sponsor\"}]},{\"@type\":\"WebSite\",\"@id\":\"https:\\\/\\\/cceditors.ca\\\/fr\\\/#website\",\"url\":\"https:\\\/\\\/cceditors.ca\\\/fr\\\/\",\"name\":\"Canadian Cinema Editors \\\/ Les Monteurs et Monteuses de cin\u00e9ma canadien\",\"description\":\"The Canadian Cinema Editors aims to connect and promote editors across Canada\",\"potentialAction\":[{\"@type\":\"SearchAction\",\"target\":{\"@type\":\"EntryPoint\",\"urlTemplate\":\"https:\\\/\\\/cceditors.ca\\\/fr\\\/?s={search_term_string}\"},\"query-input\":{\"@type\":\"PropertyValueSpecification\",\"valueRequired\":true,\"valueName\":\"search_term_string\"}}],\"inLanguage\":\"fr-CA\"}]}<\/script>\n<!-- \/ Yoast SEO plugin. -->","yoast_head_json":{"title":"Become a Sponsor &#187; Canadian Cinema Editors \/ Les Monteurs et Monteuses de cin\u00e9ma canadien","description":"We are currently developing partnerships. Please download our Sponsorship Brochure for more information on the opportunities available.","robots":{"index":"index","follow":"follow","max-snippet":"max-snippet:-1","max-image-preview":"max-image-preview:large","max-video-preview":"max-video-preview:-1"},"canonical":"https:\/\/cceditors.ca\/fr\/who-we-are\/become-a-sponsor\/","og_locale":"fr_CA","og_type":"article","og_title":"Become a Sponsor &#187; Canadian Cinema Editors \/ Les Monteurs et Monteuses de cin\u00e9ma canadien","og_description":"We are currently developing partnerships. Please download our Sponsorship Brochure for more information on the opportunities available.","og_url":"https:\/\/cceditors.ca\/fr\/who-we-are\/become-a-sponsor\/","og_site_name":"Canadian Cinema Editors \/ Les Monteurs et Monteuses de cin\u00e9ma canadien","article_publisher":"https:\/\/www.facebook.com\/CCEditors","article_modified_time":"2026-01-27T22:57:22+00:00","twitter_card":"summary_large_image","twitter_site":"@CCE_editors","twitter_misc":{"Estimation du temps de lecture":"1 minute"},"schema":{"@context":"https:\/\/schema.org","@graph":[{"@type":"WebPage","@id":"https:\/\/cceditors.ca\/who-we-are\/become-a-sponsor\/","url":"https:\/\/cceditors.ca\/who-we-are\/become-a-sponsor\/","name":"Become a Sponsor &#187; Canadian Cinema Editors \/ Les Monteurs et Monteuses de cin\u00e9ma canadien","isPartOf":{"@id":"https:\/\/cceditors.ca\/fr\/#website"},"datePublished":"2020-09-10T13:16:35+00:00","dateModified":"2026-01-27T22:57:22+00:00","description":"We are currently developing partnerships. Please download our Sponsorship Brochure for more information on the opportunities available.","breadcrumb":{"@id":"https:\/\/cceditors.ca\/who-we-are\/become-a-sponsor\/#breadcrumb"},"inLanguage":"fr-CA","potentialAction":[{"@type":"ReadAction","target":["https:\/\/cceditors.ca\/who-we-are\/become-a-sponsor\/"]}]},{"@type":"BreadcrumbList","@id":"https:\/\/cceditors.ca\/who-we-are\/become-a-sponsor\/#breadcrumb","itemListElement":[{"@type":"ListItem","position":1,"name":"Home","item":"https:\/\/cceditors.ca\/"},{"@type":"ListItem","position":2,"name":"Who We Are","item":"https:\/\/cceditors.ca\/who-we-are\/"},{"@type":"ListItem","position":3,"name":"Become a Sponsor"}]},{"@type":"WebSite","@id":"https:\/\/cceditors.ca\/fr\/#website","url":"https:\/\/cceditors.ca\/fr\/","name":"Canadian Cinema Editors \/ Les Monteurs et Monteuses de cin\u00e9ma canadien","description":"The Canadian Cinema Editors aims to connect and promote editors across Canada","potentialAction":[{"@type":"SearchAction","target":{"@type":"EntryPoint","urlTemplate":"https:\/\/cceditors.ca\/fr\/?s={search_term_string}"},"query-input":{"@type":"PropertyValueSpecification","valueRequired":true,"valueName":"search_term_string"}}],"inLanguage":"fr-CA"}]}},"_links":{"self":[{"href":"https:\/\/cceditors.ca\/fr\/wp-json\/wp\/v2\/pages\/46","targetHints":{"allow":["GET"]}}],"collection":[{"href":"https:\/\/cceditors.ca\/fr\/wp-json\/wp\/v2\/pages"}],"about":[{"href":"https:\/\/cceditors.ca\/fr\/wp-json\/wp\/v2\/types\/page"}],"author":[{"embeddable":true,"href":"https:\/\/cceditors.ca\/fr\/wp-json\/wp\/v2\/users\/3"}],"replies":[{"embeddable":true,"href":"https:\/\/cceditors.ca\/fr\/wp-json\/wp\/v2\/comments?post=46"}],"version-history":[{"count":27,"href":"https:\/\/cceditors.ca\/fr\/wp-json\/wp\/v2\/pages\/46\/revisions"}],"predecessor-version":[{"id":46126,"href":"https:\/\/cceditors.ca\/fr\/wp-json\/wp\/v2\/pages\/46\/revisions\/46126"}],"up":[{"embeddable":true,"href":"https:\/\/cceditors.ca\/fr\/wp-json\/wp\/v2\/pages\/29"}],"wp:attachment":[{"href":"https:\/\/cceditors.ca\/fr\/wp-json\/wp\/v2\/media?parent=46"}],"curies":[{"name":"wp","href":"https:\/\/api.w.org\/{rel}","templated":true}]}}