{"id":7923,"date":"2022-02-24T19:59:15","date_gmt":"2022-02-25T00:59:15","guid":{"rendered":"https:\/\/cceditor.mywhc.ca\/?page_id=7923"},"modified":"2026-04-10T18:10:10","modified_gmt":"2026-04-10T22:10:10","slug":"cce-student-merit-award-submissions","status":"publish","type":"page","link":"https:\/\/cceditors.ca\/fr\/cce-student-merit-award-submissions\/","title":{"rendered":"Student  Merit Award Submissions"},"content":{"rendered":"<div data-elementor-type=\"wp-page\" data-elementor-id=\"7923\" class=\"elementor elementor-7923\" data-elementor-post-type=\"page\">\n\t\t\t\t\t\t<section class=\"elementor-section elementor-top-section elementor-element elementor-element-3a1252ea elementor-section-boxed elementor-section-height-default elementor-section-height-default\" data-id=\"3a1252ea\" data-element_type=\"section\" data-e-type=\"section\" data-settings=\"{&quot;background_background&quot;:&quot;classic&quot;,&quot;shape_divider_bottom&quot;:&quot;opacity-tilt&quot;}\">\n\t\t\t\t\t<div class=\"elementor-shape elementor-shape-bottom\" aria-hidden=\"true\" data-negative=\"false\">\n\t\t\t<svg xmlns=\"http:\/\/www.w3.org\/2000\/svg\" viewbox=\"0 0 2600 131.1\" preserveaspectratio=\"none\">\n\t<path class=\"elementor-shape-fill\" d=\"M0 0L2600 0 2600 69.1 0 0z\"\/>\n\t<path class=\"elementor-shape-fill\" style=\"opacity:0.5\" d=\"M0 0L2600 0 2600 69.1 0 69.1z\"\/>\n\t<path class=\"elementor-shape-fill\" style=\"opacity:0.25\" d=\"M2600 0L0 0 0 130.1 2600 69.1z\"\/>\n<\/svg>\t\t<\/div>\n\t\t\t\t\t<div class=\"elementor-container elementor-column-gap-default\">\n\t\t\t\t\t<div class=\"elementor-column elementor-col-100 elementor-top-column elementor-element elementor-element-468ff358\" data-id=\"468ff358\" data-element_type=\"column\" data-e-type=\"column\">\n\t\t\t<div class=\"elementor-widget-wrap elementor-element-populated\">\n\t\t\t\t\t\t<div class=\"elementor-element elementor-element-d5151b3 elementor--h-position-center elementor--v-position-middle elementor-widget elementor-widget-slides\" data-id=\"d5151b3\" data-element_type=\"widget\" data-e-type=\"widget\" data-settings=\"{&quot;navigation&quot;:&quot;none&quot;,&quot;transition&quot;:&quot;slide&quot;,&quot;transition_speed&quot;:500}\" data-widget_type=\"slides.default\">\n\t\t\t\t<div class=\"elementor-widget-container\">\n\t\t\t\t\t\t\t\t\t<div class=\"elementor-swiper\">\n\t\t\t\t\t<div class=\"elementor-slides-wrapper elementor-main-swiper swiper\" role=\"region\" aria-roledescription=\"carousel\" aria-label=\"Slides\" dir=\"ltr\" data-animation=\"fadeInUp\">\n\t\t\t\t<div class=\"swiper-wrapper elementor-slides\">\n\t\t\t\t\t\t\t\t\t\t<div class=\"elementor-repeater-item-0593c9a swiper-slide\" role=\"group\" aria-roledescription=\"slide\"><div class=\"swiper-slide-bg elementor-ken-burns elementor-ken-burns--in\" role=\"img\" aria-label=\"The 6th Annual CCE Awards Event Gala\"><\/div><div class=\"elementor-background-overlay\"><\/div><div class=\"swiper-slide-inner\" ><div class=\"swiper-slide-contents\"><div class=\"elementor-slide-heading\">Inscription au prix CCE du M\u00e9rite \u00e9tudiant<\/div><div class=\"elementor-slide-description\">\nSUBMISSIONS CLOSE APRIL 10TH, 2026 - 5pm ET<\/div><\/div><\/div><\/div>\t\t\t\t<\/div>\n\t\t\t\t\t\t\t<\/div>\n\t\t\t\t<\/div>\n\t\t\t\t\t\t\t\t<\/div>\n\t\t\t\t<\/div>\n\t\t\t\t\t<\/div>\n\t\t<\/div>\n\t\t\t\t\t<\/div>\n\t\t<\/section>\n\t\t\t\t<section class=\"elementor-section elementor-top-section elementor-element elementor-element-217e90f2 elementor-section-boxed elementor-section-height-default elementor-section-height-default\" data-id=\"217e90f2\" data-element_type=\"section\" data-e-type=\"section\">\n\t\t\t\t\t\t<div class=\"elementor-container elementor-column-gap-default\">\n\t\t\t\t\t<div class=\"elementor-column elementor-col-100 elementor-top-column elementor-element elementor-element-3ecbd30a\" data-id=\"3ecbd30a\" data-element_type=\"column\" data-e-type=\"column\">\n\t\t\t<div class=\"elementor-widget-wrap elementor-element-populated\">\n\t\t\t\t\t\t<div class=\"elementor-element elementor-element-5b3bc184 elementor-widget elementor-widget-heading\" data-id=\"5b3bc184\" data-element_type=\"widget\" data-e-type=\"widget\" data-widget_type=\"heading.default\">\n\t\t\t\t<div class=\"elementor-widget-container\">\n\t\t\t\t\t<h3 class=\"elementor-heading-title elementor-size-default\">Premi\u00e8re \u00e9tape : Lire les directives de d\u00e9p\u00f4t de candidature<\/h3>\t\t\t\t<\/div>\n\t\t\t\t<\/div>\n\t\t\t\t<div class=\"elementor-element elementor-element-28eed4d elementor-widget elementor-widget-text-editor\" data-id=\"28eed4d\" data-element_type=\"widget\" data-e-type=\"widget\" data-widget_type=\"text-editor.default\">\n\t\t\t\t<div class=\"elementor-widget-container\">\n\t\t\t\t\t\t\t\t\t<p>Nous vous recommandons fortement de consulter cette page sur un ordinateur de bureau, un ordinateur portable ou une tablette.<\/p>\t\t\t\t\t\t\t\t<\/div>\n\t\t\t\t<\/div>\n\t\t\t\t<div class=\"elementor-element elementor-element-3075ed58 elementor-widget-divider--view-line elementor-widget elementor-widget-divider\" data-id=\"3075ed58\" data-element_type=\"widget\" data-e-type=\"widget\" data-widget_type=\"divider.default\">\n\t\t\t\t<div class=\"elementor-widget-container\">\n\t\t\t\t\t\t\t<div class=\"elementor-divider\">\n\t\t\t<span class=\"elementor-divider-separator\">\n\t\t\t\t\t\t<\/span>\n\t\t<\/div>\n\t\t\t\t\t\t<\/div>\n\t\t\t\t<\/div>\n\t\t\t\t<div class=\"elementor-element elementor-element-5619ceea elementor-widget elementor-widget-heading\" data-id=\"5619ceea\" data-element_type=\"widget\" data-e-type=\"widget\" data-widget_type=\"heading.default\">\n\t\t\t\t<div class=\"elementor-widget-container\">\n\t\t\t\t\t<h4 class=\"elementor-heading-title elementor-size-default\">\u00c0 propos du prix CCE du M\u00e9rite \u00e9tudiant :<\/h4>\t\t\t\t<\/div>\n\t\t\t\t<\/div>\n\t\t\t\t<div class=\"elementor-element elementor-element-eccf9ca elementor-widget elementor-widget-text-editor\" data-id=\"eccf9ca\" data-element_type=\"widget\" data-e-type=\"widget\" data-widget_type=\"text-editor.default\">\n\t\t\t\t<div class=\"elementor-widget-container\">\n\t\t\t\t\t\t\t\t\t<p>Le prix CCE du M\u00e9rite \u00e9tudiant r\u00e9compense jusqu\u2019\u00e0 cinq (5) \u00e9tudiant\u00b7e\u00b7s pour leur montage d\u2019un projet sp\u00e9cifique de film\/vid\u00e9o. Les r\u00e9cipiendaires sont choisi\u00b7e\u00b7s par un jury et sont r\u00e9compens\u00e9\u00b7e\u00b7s \u00e0 la remise des prix CCE chaque ann\u00e9e.<\/p><p>Les projets \u00e9ligibles peuvent \u00eatre de n'importe quel genre, mais ils doivent avoir \u00e9t\u00e9 cr\u00e9\u00e9s alors que les \u00e9tudiant\u00b7e\u00b7s \u00e9taient inscrit\u00b7e\u00b7s \u00e0 temps plein dans un programme d\u2019\u00e9tudes en cin\u00e9ma, t\u00e9l\u00e9vision ou m\u00e9dias.<\/p><p><em>* Veuillez noter que les \u00ab\u2009exercices\u2009\u00bb de montage, tels que des re-montages de films commerciaux ou pr\u00e9existants, ne seront pas accept\u00e9s.<\/em><\/p>\t\t\t\t\t\t\t\t<\/div>\n\t\t\t\t<\/div>\n\t\t\t\t<div class=\"elementor-element elementor-element-e04fba2 elementor-widget elementor-widget-heading\" data-id=\"e04fba2\" data-element_type=\"widget\" data-e-type=\"widget\" data-widget_type=\"heading.default\">\n\t\t\t\t<div class=\"elementor-widget-container\">\n\t\t\t\t\t<h4 class=\"elementor-heading-title elementor-size-default\">Directives pour soumettre la candidature d\u2019un.e \u00e9tudiant.e<\/h4>\t\t\t\t<\/div>\n\t\t\t\t<\/div>\n\t\t\t\t<div class=\"elementor-element elementor-element-5bd72af2 elementor-widget elementor-widget-text-editor\" data-id=\"5bd72af2\" data-element_type=\"widget\" data-e-type=\"widget\" data-widget_type=\"text-editor.default\">\n\t\t\t\t<div class=\"elementor-widget-container\">\n\t\t\t\t\t\t\t\t\t<p><em>Les \u00e9tudiant\u00b7e\u00b7s ne doivent pas soumettre leur propre candidature. <\/em><em>Les professeur\u00b7e\u00b7s peuvent soumettre jusqu\u2019\u00e0 deux inscriptions d\u2019\u00e9tudiant.e.s monteur\u00b7euse\u00b7s. Voir les directives ci-dessous.<\/em><\/p><p>Pour soumettre le travail d\u2019un.e monteur\u00b7euse \u00e9tudiant.e au prix CCE du M\u00e9rite \u00e9tudiant, veuillez remplir le formulaire ci-dessous.\u00a0<\/p><p>La date limite pour d\u00e9poser les candidatures est le vendredi 10 avril 2026, 17h HE.<\/p><p>Veuillez vous assurer que vos dossiers de candidature sont conformes aux crit\u00e8res suivants :<\/p><ol><li>Les professeur\u00b7e\u00b7s ne peuvent soumettre que les projets d\u2019\u00e9tudiant\u00b7e\u00b7s inscrit\u00b7e\u00b7s \u00e0 temps plein dans un programme d\u2019\u00e9tudes en cin\u00e9ma, t\u00e9l\u00e9vision ou m\u00e9dias.<\/li><li>Les \u00e9tudiant\u00b7e\u00b7s ne peuvent pas soumettre leur propre candidature. Les professeur\u00b7e\u00b7s peuvent choisir parmi leurs \u00e9tudiant\u00b7e\u00b7s jusqu\u2019\u00e0 deux candidat\u00b7e\u00b7s qui ont fait preuve d\u2019un effort, d\u2019un enthousiasme et d\u2019un talent exemplaires en montage et qui ont montr\u00e9 une passion et une volont\u00e9 de poursuivre dans cette voie apr\u00e8s l\u2019obtention de leur dipl\u00f4me.<\/li><li>Chaque projet doit \u00eatre soumis s\u00e9par\u00e9ment.<\/li><li>Please note that it is the entrant (instructor)&#8217;s responsibility to ensure the screening file is technically sound before it is uploaded.<\/li><\/ol>\t\t\t\t\t\t\t\t<\/div>\n\t\t\t\t<\/div>\n\t\t\t\t<div class=\"elementor-element elementor-element-60fecf23 elementor-widget-divider--view-line elementor-widget elementor-widget-divider\" data-id=\"60fecf23\" data-element_type=\"widget\" data-e-type=\"widget\" data-widget_type=\"divider.default\">\n\t\t\t\t<div class=\"elementor-widget-container\">\n\t\t\t\t\t\t\t<div class=\"elementor-divider\">\n\t\t\t<span class=\"elementor-divider-separator\">\n\t\t\t\t\t\t<\/span>\n\t\t<\/div>\n\t\t\t\t\t\t<\/div>\n\t\t\t\t<\/div>\n\t\t\t\t<div class=\"elementor-element elementor-element-a49678d elementor-widget elementor-widget-heading\" data-id=\"a49678d\" data-element_type=\"widget\" data-e-type=\"widget\" data-widget_type=\"heading.default\">\n\t\t\t\t<div class=\"elementor-widget-container\">\n\t\t\t\t\t<h3 class=\"elementor-heading-title elementor-size-default\">Deuxi\u00e8me \u00e9tape : Remplir le formulaire de mise en candidature<\/h3>\t\t\t\t<\/div>\n\t\t\t\t<\/div>\n\t\t\t\t<section class=\"elementor-section elementor-inner-section elementor-element elementor-element-5e551ec2 elementor-section-boxed elementor-section-height-default elementor-section-height-default\" data-id=\"5e551ec2\" data-element_type=\"section\" data-e-type=\"section\">\n\t\t\t\t\t\t<div class=\"elementor-container elementor-column-gap-default\">\n\t\t\t\t\t<div class=\"elementor-column elementor-col-100 elementor-inner-column elementor-element elementor-element-27d0620\" data-id=\"27d0620\" data-element_type=\"column\" data-e-type=\"column\">\n\t\t\t<div class=\"elementor-widget-wrap elementor-element-populated\">\n\t\t\t\t\t\t<div class=\"elementor-element elementor-element-23738e11 elementor-widget elementor-widget-heading\" data-id=\"23738e11\" data-element_type=\"widget\" data-e-type=\"widget\" data-widget_type=\"heading.default\">\n\t\t\t\t<div class=\"elementor-widget-container\">\n\t\t\t\t\t<h1 class=\"elementor-heading-title elementor-size-default\">Submissions closed April 10th, 2026 at 5pm ET<\/h1>\t\t\t\t<\/div>\n\t\t\t\t<\/div>\n\t\t\t\t<div class=\"elementor-element elementor-element-dc7bfc4 elementor-hidden-desktop elementor-hidden-tablet elementor-hidden-mobile elementor-widget elementor-widget-shortcode\" data-id=\"dc7bfc4\" data-element_type=\"widget\" data-e-type=\"widget\" data-widget_type=\"shortcode.default\">\n\t\t\t\t<div class=\"elementor-widget-container\">\n\t\t\t\t\t\t\t<div class=\"elementor-shortcode\"><\/div>\n\t\t\t\t\t\t<\/div>\n\t\t\t\t<\/div>\n\t\t\t\t\t<\/div>\n\t\t<\/div>\n\t\t\t\t\t<\/div>\n\t\t<\/section>\n\t\t\t\t\t<\/div>\n\t\t<\/div>\n\t\t\t\t\t<\/div>\n\t\t<\/section>\n\t\t\t\t<section class=\"elementor-section elementor-top-section elementor-element elementor-element-89d7200 elementor-section-boxed elementor-section-height-default elementor-section-height-default\" data-id=\"89d7200\" data-element_type=\"section\" data-e-type=\"section\" data-settings=\"{&quot;background_background&quot;:&quot;classic&quot;}\">\n\t\t\t\t\t\t<div class=\"elementor-container elementor-column-gap-default\">\n\t\t\t\t\t<div class=\"elementor-column elementor-col-100 elementor-top-column elementor-element elementor-element-c866b56\" data-id=\"c866b56\" data-element_type=\"column\" data-e-type=\"column\">\n\t\t\t<div class=\"elementor-widget-wrap elementor-element-populated\">\n\t\t\t\t\t\t<div class=\"elementor-element elementor-element-6504d1e elementor-align-center elementor-widget elementor-widget-button\" data-id=\"6504d1e\" data-element_type=\"widget\" data-e-type=\"widget\" data-widget_type=\"button.default\">\n\t\t\t\t<div class=\"elementor-widget-container\">\n\t\t\t\t\t\t\t\t\t<div class=\"elementor-button-wrapper\">\n\t\t\t\t\t<a class=\"elementor-button elementor-button-link elementor-size-sm elementor-animation-shrink\" href=\"https:\/\/cceditors.ca\/fr\/cce-awards\/\">\n\t\t\t\t\t\t<span class=\"elementor-button-content-wrapper\">\n\t\t\t\t\t\t<span class=\"elementor-button-icon\">\n\t\t\t\t<i aria-hidden=\"true\" class=\"fas fa-chevron-left\"><\/i>\t\t\t<\/span>\n\t\t\t\t\t\t\t\t\t<span class=\"elementor-button-text\">Retour \u00e0 la page d\u2019accueil des prix CCE<\/span>\n\t\t\t\t\t<\/span>\n\t\t\t\t\t<\/a>\n\t\t\t\t<\/div>\n\t\t\t\t\t\t\t\t<\/div>\n\t\t\t\t<\/div>\n\t\t\t\t\t<\/div>\n\t\t<\/div>\n\t\t\t\t\t<\/div>\n\t\t<\/section>\n\t\t\t\t<\/div>","protected":false},"excerpt":{"rendered":"<p>CCE Student Merit Award Submissions SUBMISSIONS CLOSE APRIL 10TH, 2026 &#8211; 5pm ET Step One: Read Through the Guidelines We strongly recommend viewing this page on a desktop, laptop or tablet device. About the Student Merit Award: The CCE Student Merit Award recognizes up to five (5) students for their editing work on a specific [&hellip;]<\/p>\n","protected":false},"author":3,"featured_media":0,"parent":0,"menu_order":0,"comment_status":"closed","ping_status":"closed","template":"elementor_header_footer","meta":{"pmpro_default_level":"","footnotes":""},"class_list":["post-7923","page","type-page","status-publish","hentry","pmpro-has-access"],"yoast_head":"<!-- This site is optimized with the Yoast SEO plugin v27.4 - https:\/\/yoast.com\/product\/yoast-seo-wordpress\/ -->\n<title>Student Merit Award Submissions &#187; Canadian Cinema Editors \/ Les Monteurs et Monteuses de cin\u00e9ma canadien<\/title>\n<meta name=\"robots\" content=\"index, follow, max-snippet:-1, max-image-preview:large, max-video-preview:-1\" \/>\n<link rel=\"canonical\" href=\"https:\/\/cceditors.ca\/fr\/cce-student-merit-award-submissions\/\" \/>\n<meta property=\"og:locale\" content=\"fr_CA\" \/>\n<meta property=\"og:type\" content=\"article\" \/>\n<meta property=\"og:title\" content=\"Student Merit Award Submissions &#187; Canadian Cinema Editors \/ Les Monteurs et Monteuses de cin\u00e9ma canadien\" \/>\n<meta property=\"og:description\" content=\"CCE Student Merit Award Submissions SUBMISSIONS CLOSE APRIL 10TH, 2026 &#8211; 5pm ET Step One: Read Through the Guidelines We strongly recommend viewing this page on a desktop, laptop or tablet device. About the Student Merit Award: The CCE Student Merit Award recognizes up to five (5) students for their editing work on a specific [&hellip;]\" \/>\n<meta property=\"og:url\" content=\"https:\/\/cceditors.ca\/fr\/cce-student-merit-award-submissions\/\" \/>\n<meta property=\"og:site_name\" content=\"Canadian Cinema Editors \/ Les Monteurs et Monteuses de cin\u00e9ma canadien\" \/>\n<meta property=\"article:publisher\" content=\"https:\/\/www.facebook.com\/CCEditors\" \/>\n<meta property=\"article:modified_time\" content=\"2026-04-10T22:10:10+00:00\" \/>\n<meta name=\"twitter:card\" content=\"summary_large_image\" \/>\n<meta name=\"twitter:site\" content=\"@CCE_editors\" \/>\n<meta name=\"twitter:label1\" content=\"Estimation du temps de lecture\" \/>\n\t<meta name=\"twitter:data1\" content=\"2 minutes\" \/>\n<script type=\"application\/ld+json\" class=\"yoast-schema-graph\">{\"@context\":\"https:\\\/\\\/schema.org\",\"@graph\":[{\"@type\":\"WebPage\",\"@id\":\"https:\\\/\\\/cceditors.ca\\\/cce-student-merit-award-submissions\\\/\",\"url\":\"https:\\\/\\\/cceditors.ca\\\/cce-student-merit-award-submissions\\\/\",\"name\":\"Student Merit Award Submissions &#187; Canadian Cinema Editors \\\/ Les Monteurs et Monteuses de cin\u00e9ma canadien\",\"isPartOf\":{\"@id\":\"https:\\\/\\\/cceditors.ca\\\/fr\\\/#website\"},\"datePublished\":\"2022-02-25T00:59:15+00:00\",\"dateModified\":\"2026-04-10T22:10:10+00:00\",\"breadcrumb\":{\"@id\":\"https:\\\/\\\/cceditors.ca\\\/cce-student-merit-award-submissions\\\/#breadcrumb\"},\"inLanguage\":\"fr-CA\",\"potentialAction\":[{\"@type\":\"ReadAction\",\"target\":[\"https:\\\/\\\/cceditors.ca\\\/cce-student-merit-award-submissions\\\/\"]}]},{\"@type\":\"BreadcrumbList\",\"@id\":\"https:\\\/\\\/cceditors.ca\\\/cce-student-merit-award-submissions\\\/#breadcrumb\",\"itemListElement\":[{\"@type\":\"ListItem\",\"position\":1,\"name\":\"Home\",\"item\":\"https:\\\/\\\/cceditors.ca\\\/\"},{\"@type\":\"ListItem\",\"position\":2,\"name\":\"Student Merit Award Submissions\"}]},{\"@type\":\"WebSite\",\"@id\":\"https:\\\/\\\/cceditors.ca\\\/fr\\\/#website\",\"url\":\"https:\\\/\\\/cceditors.ca\\\/fr\\\/\",\"name\":\"Canadian Cinema Editors \\\/ Les Monteurs et Monteuses de cin\u00e9ma canadien\",\"description\":\"The Canadian Cinema Editors aims to connect and promote editors across Canada\",\"potentialAction\":[{\"@type\":\"SearchAction\",\"target\":{\"@type\":\"EntryPoint\",\"urlTemplate\":\"https:\\\/\\\/cceditors.ca\\\/fr\\\/?s={search_term_string}\"},\"query-input\":{\"@type\":\"PropertyValueSpecification\",\"valueRequired\":true,\"valueName\":\"search_term_string\"}}],\"inLanguage\":\"fr-CA\"}]}<\/script>\n<!-- \/ Yoast SEO plugin. -->","yoast_head_json":{"title":"Student Merit Award Submissions &#187; Canadian Cinema Editors \/ Les Monteurs et Monteuses de cin\u00e9ma canadien","robots":{"index":"index","follow":"follow","max-snippet":"max-snippet:-1","max-image-preview":"max-image-preview:large","max-video-preview":"max-video-preview:-1"},"canonical":"https:\/\/cceditors.ca\/fr\/cce-student-merit-award-submissions\/","og_locale":"fr_CA","og_type":"article","og_title":"Student Merit Award Submissions &#187; Canadian Cinema Editors \/ Les Monteurs et Monteuses de cin\u00e9ma canadien","og_description":"CCE Student Merit Award Submissions SUBMISSIONS CLOSE APRIL 10TH, 2026 &#8211; 5pm ET Step One: Read Through the Guidelines We strongly recommend viewing this page on a desktop, laptop or tablet device. About the Student Merit Award: The CCE Student Merit Award recognizes up to five (5) students for their editing work on a specific [&hellip;]","og_url":"https:\/\/cceditors.ca\/fr\/cce-student-merit-award-submissions\/","og_site_name":"Canadian Cinema Editors \/ Les Monteurs et Monteuses de cin\u00e9ma canadien","article_publisher":"https:\/\/www.facebook.com\/CCEditors","article_modified_time":"2026-04-10T22:10:10+00:00","twitter_card":"summary_large_image","twitter_site":"@CCE_editors","twitter_misc":{"Estimation du temps de lecture":"2 minutes"},"schema":{"@context":"https:\/\/schema.org","@graph":[{"@type":"WebPage","@id":"https:\/\/cceditors.ca\/cce-student-merit-award-submissions\/","url":"https:\/\/cceditors.ca\/cce-student-merit-award-submissions\/","name":"Student Merit Award Submissions &#187; Canadian Cinema Editors \/ Les Monteurs et Monteuses de cin\u00e9ma canadien","isPartOf":{"@id":"https:\/\/cceditors.ca\/fr\/#website"},"datePublished":"2022-02-25T00:59:15+00:00","dateModified":"2026-04-10T22:10:10+00:00","breadcrumb":{"@id":"https:\/\/cceditors.ca\/cce-student-merit-award-submissions\/#breadcrumb"},"inLanguage":"fr-CA","potentialAction":[{"@type":"ReadAction","target":["https:\/\/cceditors.ca\/cce-student-merit-award-submissions\/"]}]},{"@type":"BreadcrumbList","@id":"https:\/\/cceditors.ca\/cce-student-merit-award-submissions\/#breadcrumb","itemListElement":[{"@type":"ListItem","position":1,"name":"Home","item":"https:\/\/cceditors.ca\/"},{"@type":"ListItem","position":2,"name":"Student Merit Award Submissions"}]},{"@type":"WebSite","@id":"https:\/\/cceditors.ca\/fr\/#website","url":"https:\/\/cceditors.ca\/fr\/","name":"Canadian Cinema Editors \/ Les Monteurs et Monteuses de cin\u00e9ma canadien","description":"The Canadian Cinema Editors aims to connect and promote editors across Canada","potentialAction":[{"@type":"SearchAction","target":{"@type":"EntryPoint","urlTemplate":"https:\/\/cceditors.ca\/fr\/?s={search_term_string}"},"query-input":{"@type":"PropertyValueSpecification","valueRequired":true,"valueName":"search_term_string"}}],"inLanguage":"fr-CA"}]}},"_links":{"self":[{"href":"https:\/\/cceditors.ca\/fr\/wp-json\/wp\/v2\/pages\/7923","targetHints":{"allow":["GET"]}}],"collection":[{"href":"https:\/\/cceditors.ca\/fr\/wp-json\/wp\/v2\/pages"}],"about":[{"href":"https:\/\/cceditors.ca\/fr\/wp-json\/wp\/v2\/types\/page"}],"author":[{"embeddable":true,"href":"https:\/\/cceditors.ca\/fr\/wp-json\/wp\/v2\/users\/3"}],"replies":[{"embeddable":true,"href":"https:\/\/cceditors.ca\/fr\/wp-json\/wp\/v2\/comments?post=7923"}],"version-history":[{"count":37,"href":"https:\/\/cceditors.ca\/fr\/wp-json\/wp\/v2\/pages\/7923\/revisions"}],"predecessor-version":[{"id":47375,"href":"https:\/\/cceditors.ca\/fr\/wp-json\/wp\/v2\/pages\/7923\/revisions\/47375"}],"wp:attachment":[{"href":"https:\/\/cceditors.ca\/fr\/wp-json\/wp\/v2\/media?parent=7923"}],"curies":[{"name":"wp","href":"https:\/\/api.w.org\/{rel}","templated":true}]}}